{"id":23269,"date":"2020-12-15T09:54:31","date_gmt":"2020-12-15T08:54:31","guid":{"rendered":"https:\/\/www.interbusinesschamber.com\/produit\/svr-clairial-cc-creme-medium-spf-50\/"},"modified":"2020-12-29T12:04:54","modified_gmt":"2020-12-29T11:04:54","slug":"svr-clairial-cc-creme-medium-spf-50","status":"publish","type":"product","link":"https:\/\/www.sopha-sahara.com\/en\/product\/svr-clairial-cc-creme-medium-spf-50\/","title":{"rendered":"SVR CLAIRIAL CC CREME MEDIUM SPF 50+"},"content":{"rendered":"","protected":false},"excerpt":{"rendered":"<p>\u00a0SVR clairial CC cr\u00e8me correcteur unifiant anti-taches medium pour tous types de peaux sans parfum, sans paraben, test\u00e9e sur peaux sensibles.\u00a0<br \/>&#8211; SVR Physiopure Eau Micellaire Eau Nettoyante D\u00e9maquillante Puret\u00e9 Douceur est une eau micellaire pour le visage, les yeux et les l\u00e8vres, qui est sp\u00e9cialement formul\u00e9e pour le d\u00e9maquillage des peaux sensibles.<\/p>","protected":false},"featured_media":23333,"template":"","meta":{"arc_restricted_post":false},"product_cat":[48,332],"product_tag":[],"_links":{"self":[{"href":"https:\/\/www.sopha-sahara.com\/en\/wp-json\/wp\/v2\/product\/23269"}],"collection":[{"href":"https:\/\/www.sopha-sahara.com\/en\/wp-json\/wp\/v2\/product"}],"about":[{"href":"https:\/\/www.sopha-sahara.com\/en\/wp-json\/wp\/v2\/types\/product"}],"wp:featuredmedia":[{"embeddable":true,"href":"https:\/\/www.sopha-sahara.com\/en\/wp-json\/wp\/v2\/media\/23333"}],"wp:attachment":[{"href":"https:\/\/www.sopha-sahara.com\/en\/wp-json\/wp\/v2\/media?parent=23269"}],"wp:term":[{"taxonomy":"product_cat","embeddable":true,"href":"https:\/\/www.sopha-sahara.com\/en\/wp-json\/wp\/v2\/product_cat?post=23269"},{"taxonomy":"product_tag","embeddable":true,"href":"https:\/\/www.sopha-sahara.com\/en\/wp-json\/wp\/v2\/product_tag?post=23269"}],"curies":[{"name":"wp","href":"https:\/\/api.w.org\/{rel}","templated":true}]}}