{"id":23268,"date":"2020-12-15T09:54:31","date_gmt":"2020-12-15T08:54:31","guid":{"rendered":"https:\/\/www.interbusinesschamber.com\/produit\/svr-sebiaclear-creme-solaire-spf-50-50-ml\/"},"modified":"2020-12-29T11:33:09","modified_gmt":"2020-12-29T10:33:09","slug":"svr-sebiaclear-creme-solaire-spf-50-50-ml","status":"publish","type":"product","link":"https:\/\/www.sopha-sahara.com\/en\/product\/svr-sebiaclear-creme-solaire-spf-50-50-ml\/","title":{"rendered":"SVR SEBIACLEAR CREME SOLAIRE SPF 50 50 ML"},"content":{"rendered":"","protected":false},"excerpt":{"rendered":"<p>Ne choisissez plus entre boutons et protection solaire ! La Cr\u00e8me Solaire Lysalpha SPF 50 des laboratoires SVR est une cr\u00e8me Solaire Haute Protection indice 50 sp\u00e9cifique des peaux mixtes \u00e0 grasses.\u00a0<br \/>Elle est bas\u00e9 sur l&rsquo;association in\u00e9dite de 3 syst\u00e8mes d&rsquo;actifs : Le syst\u00e8me filtrant UVA\/UVB large spectre et photostable, assure une haute protection efficace, le Zinc PCA exerce une action s\u00e9bo-r\u00e9gulatrice, &lsquo;actif Tephrosia Purpurea r\u00e9duit l&rsquo;exc\u00e8s de s\u00e9bum d\u00fb au stress.\u00a0<\/p>\n<p>Avec sa texture fluide, non grasse et oil-free, Svr Sebiaclear Cr\u00e8me Solaire spf 50 s&rsquo;\u00e9tale facilement. Sans paraben, non com\u00e9dog\u00e8ne\u00a0<\/p>","protected":false},"featured_media":23359,"template":"","meta":{"arc_restricted_post":false},"product_cat":[48,332],"product_tag":[],"_links":{"self":[{"href":"https:\/\/www.sopha-sahara.com\/en\/wp-json\/wp\/v2\/product\/23268"}],"collection":[{"href":"https:\/\/www.sopha-sahara.com\/en\/wp-json\/wp\/v2\/product"}],"about":[{"href":"https:\/\/www.sopha-sahara.com\/en\/wp-json\/wp\/v2\/types\/product"}],"wp:featuredmedia":[{"embeddable":true,"href":"https:\/\/www.sopha-sahara.com\/en\/wp-json\/wp\/v2\/media\/23359"}],"wp:attachment":[{"href":"https:\/\/www.sopha-sahara.com\/en\/wp-json\/wp\/v2\/media?parent=23268"}],"wp:term":[{"taxonomy":"product_cat","embeddable":true,"href":"https:\/\/www.sopha-sahara.com\/en\/wp-json\/wp\/v2\/product_cat?post=23268"},{"taxonomy":"product_tag","embeddable":true,"href":"https:\/\/www.sopha-sahara.com\/en\/wp-json\/wp\/v2\/product_tag?post=23268"}],"curies":[{"name":"wp","href":"https:\/\/api.w.org\/{rel}","templated":true}]}}