{"id":23267,"date":"2020-12-15T09:54:31","date_gmt":"2020-12-15T08:54:31","guid":{"rendered":"https:\/\/www.interbusinesschamber.com\/produit\/svr-densitium-rose-eclat-creme-50-ml-densitium-contour-des-yeux-15ml-et-trousse-offerts\/"},"modified":"2020-12-29T11:43:24","modified_gmt":"2020-12-29T10:43:24","slug":"svr-densitium-rose-eclat-creme-50-ml-densitium-contour-des-yeux-15ml-et-trousse-offerts","status":"publish","type":"product","link":"https:\/\/www.sopha-sahara.com\/en\/product\/svr-densitium-rose-eclat-creme-50-ml-densitium-contour-des-yeux-15ml-et-trousse-offerts\/","title":{"rendered":"SVR DENSITIUM ROSE ECLAT CR\u00c8ME 50 ML + DENSITIUM CONTOUR DES YEUX 15ML ET TROUSSE OFFERTS"},"content":{"rendered":"<h4>DENSITIUM CONTOUR DES YEUX 15ML\u00a0<\/h4>\n<p>\u00a0Le contour des yeux est la zone la plus fragile de notre visage car il poss\u00e8de la peau la plus fine, la plus pourvue en fibres musculaires et au contraire la plus pauvre en cellules graisseuses. Cette sp\u00e9cificit\u00e9 en fait la zone la premi\u00e8re touch\u00e9e par le rel\u00e2chement cutan\u00e9, l'apparition des rides et les signes de fatigue d\u00e9s 45 ans. Les Laboratoires SVR mettent \u00e0 votre disposition un soin sp\u00e9cifique pour le contour des yeux dans la gamme DENSITIUM 45+.<\/p>","protected":false},"excerpt":{"rendered":"<p>SVR DENSITIUM ROSE ECLAT CR\u00c8ME\u00a0 50 ML<\/p>\n<p>SVR Densitium Rose \u00c9clat Cr\u00e8me Revitalisante Anti-Gravit\u00e9 50 ml est le premier soin anti-\u00e2ge dermatologique int\u00e9grant une double action anti-gravit\u00e9 et anti-jaunissement.\u00a0<\/p>\n<p>Ce soin contient des actifs dermatologiques \u00e0 hautes doses :\u00a0<\/p>\n<p>&#8211; Acide Hyaluronique ultra-fragment\u00e9 + anti-gravit\u00e9 : estompent les rides et redonnent de la densit\u00e9 \u00e0 la peau.\u00a0<\/p>\n<p>&#8211; Bio-Calcium : restructure l&rsquo;\u00e9piderme et renforce les tissus de soutien.<\/p>\n<p>&#8211; Actif anti-teint terne : revitalise la peau et redonne \u00e9clat au teint.\u00a0<\/p>\n<p>Sa texture g\u00e9n\u00e9reuse, non-collante et agr\u00e9ablement parfum\u00e9e procure confort et fermet\u00e9.\u00a0<\/p>\n<p>Ce soin nutritif enrichi en pigments rose illumine instantan\u00e9ment et repulpe. La peau est durablement redensifi\u00e9e et revitalis\u00e9e.<\/p>","protected":false},"featured_media":23346,"template":"","meta":{"arc_restricted_post":false},"product_cat":[48,332],"product_tag":[],"_links":{"self":[{"href":"https:\/\/www.sopha-sahara.com\/en\/wp-json\/wp\/v2\/product\/23267"}],"collection":[{"href":"https:\/\/www.sopha-sahara.com\/en\/wp-json\/wp\/v2\/product"}],"about":[{"href":"https:\/\/www.sopha-sahara.com\/en\/wp-json\/wp\/v2\/types\/product"}],"wp:featuredmedia":[{"embeddable":true,"href":"https:\/\/www.sopha-sahara.com\/en\/wp-json\/wp\/v2\/media\/23346"}],"wp:attachment":[{"href":"https:\/\/www.sopha-sahara.com\/en\/wp-json\/wp\/v2\/media?parent=23267"}],"wp:term":[{"taxonomy":"product_cat","embeddable":true,"href":"https:\/\/www.sopha-sahara.com\/en\/wp-json\/wp\/v2\/product_cat?post=23267"},{"taxonomy":"product_tag","embeddable":true,"href":"https:\/\/www.sopha-sahara.com\/en\/wp-json\/wp\/v2\/product_tag?post=23267"}],"curies":[{"name":"wp","href":"https:\/\/api.w.org\/{rel}","templated":true}]}}