{"id":23266,"date":"2020-12-15T09:54:31","date_gmt":"2020-12-15T08:54:31","guid":{"rendered":"https:\/\/www.interbusinesschamber.com\/produit\/svr-densitium-creme-50ml-densitium-contour-des-yeux-15ml-et-trousse-offerts\/"},"modified":"2020-12-31T11:12:19","modified_gmt":"2020-12-31T10:12:19","slug":"svr-densitium-creme-50ml-densitium-contour-des-yeux-15ml-et-trousse-offerts","status":"publish","type":"product","link":"https:\/\/www.sopha-sahara.com\/en\/product\/svr-densitium-creme-50ml-densitium-contour-des-yeux-15ml-et-trousse-offerts\/","title":{"rendered":"SVR DENSITIUM CREME 50ML + DENSITIUM CONTOUR DES YEUX 15ML ET TROUSSE OFFERTS"},"content":{"rendered":"<p><strong>Conseils d'utilisation :<\/strong><br \/>S\u2019utilise quotidiennement sur le visage et le cou.\u00a0<br \/>Agr\u00e9ablement parfum\u00e9e, sa texture ultra-nourrissante enrichie en Beurre de Karit\u00e9 et non collante permet le maquillage et apporte un confort \u00e0 la peau.<\/p>\n<h4>SVR DENSITIUM CONTOUR DES YEUX 15ML\u00a0<\/h4>\n<p>Le contour des yeux est la zone la plus fragile de notre visage car il poss\u00e8de la peau la plus fine, la plus pourvue en fibres musculaires et au contraire la plus pauvre en cellules graisseuses. Cette sp\u00e9cificit\u00e9 en fait la zone la premi\u00e8re touch\u00e9e par le rel\u00e2chement cutan\u00e9, l'apparition des rides et les signes de fatigue d\u00e9s 45 ans. Les Laboratoires SVR mettent \u00e0 votre disposition un soin sp\u00e9cifique pour le contour des yeux dans la gamme DENSITIUM 45+.<\/p>\n<h4>Conseils d'utilisation<\/h4>\n<p>Quotidiennement, matin et soir, tapotez sur zones de rides et massez sur les poches.<\/p>","protected":false},"excerpt":{"rendered":"<p>SVR DENSITIUM CREME 50ML SOIN RAFERMISSANT<\/p>\n<form id=\"buy_block\" action=\"http:\/\/www.parapharma.ma\/panier\" method=\"post\">\n<div class=\"price\">\n<p>Soin Raffermissant Profond &#8211; Densitium 45+ Creme<br \/>Le BIO-CALCIUM*, complexe physiologique hautement assimilable par la peau, va r\u00e9activer la coh\u00e9sion cellulaire, restructurer profond\u00e9ment l\u2019\u00e9piderme et renforcer les tissus de soutien en prot\u00e9geant le collag\u00e8ne. Recharg\u00e9e en Calcium, la peau est plus ferme, plus forte et r\u00e9v\u00e8le une allure plus jeune.\u00a0<br \/>L\u2019Acide Hyaluronique ultra fragment\u00e9 p\u00e9n\u00e8tre plus rapidement et plus profond\u00e9ment dans la peau pour augmenter sa consistance et sa densit\u00e9. Les rides marqu\u00e9es s\u2019estompent et l\u2019ovale du visage est redessin\u00e9.\u00a0<\/p>\n<\/div>\n<\/form>","protected":false},"featured_media":23343,"template":"","meta":{"arc_restricted_post":false},"product_cat":[48,332],"product_tag":[],"_links":{"self":[{"href":"https:\/\/www.sopha-sahara.com\/en\/wp-json\/wp\/v2\/product\/23266"}],"collection":[{"href":"https:\/\/www.sopha-sahara.com\/en\/wp-json\/wp\/v2\/product"}],"about":[{"href":"https:\/\/www.sopha-sahara.com\/en\/wp-json\/wp\/v2\/types\/product"}],"wp:featuredmedia":[{"embeddable":true,"href":"https:\/\/www.sopha-sahara.com\/en\/wp-json\/wp\/v2\/media\/23343"}],"wp:attachment":[{"href":"https:\/\/www.sopha-sahara.com\/en\/wp-json\/wp\/v2\/media?parent=23266"}],"wp:term":[{"taxonomy":"product_cat","embeddable":true,"href":"https:\/\/www.sopha-sahara.com\/en\/wp-json\/wp\/v2\/product_cat?post=23266"},{"taxonomy":"product_tag","embeddable":true,"href":"https:\/\/www.sopha-sahara.com\/en\/wp-json\/wp\/v2\/product_tag?post=23266"}],"curies":[{"name":"wp","href":"https:\/\/api.w.org\/{rel}","templated":true}]}}