{"id":23265,"date":"2020-12-15T09:54:31","date_gmt":"2020-12-15T08:54:31","guid":{"rendered":"https:\/\/www.interbusinesschamber.com\/produit\/svr-xerial-30-creme-pieds-50ml-pieds-tres-secs-et-abimes\/"},"modified":"2020-12-29T10:37:15","modified_gmt":"2020-12-29T09:37:15","slug":"svr-xerial-30-creme-pieds-50ml-pieds-tres-secs-et-abimes","status":"publish","type":"product","link":"https:\/\/www.sopha-sahara.com\/en\/product\/svr-xerial-30-creme-pieds-50ml-pieds-tres-secs-et-abimes\/","title":{"rendered":"SVR XERIAL 30 CREME PIEDS 50ML PIEDS TR\u00c8S SECS ET AB\u00ceM\u00c9S"},"content":{"rendered":"<p><strong>Indications :<\/strong><br \/>Contenant 30% d'Ur\u00e9e Pure, X\u00e9rial 30 Cr\u00e8me Pieds r\u00e9duit l'aspect sec et ab\u00eem\u00e9 de la peau, l'hydrate durablement et pr\u00e9vient l'apparition des callosit\u00e9s.<\/p>\n<p>&nbsp;<\/p>\n<p><strong>Conseils d'utilisation :<\/strong><br \/>Appliquer SVR X\u00e9rial 30 Cr\u00e8me Pieds 1 \u00e0 2 fois par jour, en massage doux, sur l'ensemble de pied pr\u00e9alablement nettoy\u00e9. Ne pas appliquer chez l'enfant de moins de 3 ans.<\/p>","protected":false},"excerpt":{"rendered":"<p>La Cr\u00e8me Pieds X\u00e9rial 30 des laboratoires SVR est un soin destin\u00e9 aux personnes ayant les pieds tr\u00e8s secs et ab\u00eem\u00e9s Elle r\u00e9pare, pr\u00e9vient l&rsquo;apparaition des callosit\u00e9s et procure une hydratation 24 heures. La peau redevient souple et lisse.<br \/>Gr\u00e2ce \u00e0 la technologie Ur\u00e9e Pure concentr\u00e9e \u00e0 30%, Prot\u00e9ase et Acides Amin\u00e9s, SVR X\u00e9rial 30 Cr\u00e8me Pieds r\u00e9duit l&rsquo;aspect sec et ab\u00eem\u00e9 de la peau, l&rsquo;hydrate durablement et pr\u00e9vient l&rsquo;apparition des callosit\u00e9s. Enrichi en Beurre de Karit\u00e9, Allanto\u00efne et Vitamine B5, elle r\u00e9pare, prot\u00e8ge et soulage imm\u00e9diatement.<br \/>Sa texture adapt\u00e9e s&rsquo;\u00e9tale facilement et p\u00e9n\u00e8tre rapidement. Formul\u00e9e pour une tol\u00e9rance maximale. Test\u00e9e sous contr\u00f4le dermatologique et podologique. Sans parfum et sans paraben.<\/p>","protected":false},"featured_media":23398,"template":"","meta":{"arc_restricted_post":false},"product_cat":[48,332],"product_tag":[],"_links":{"self":[{"href":"https:\/\/www.sopha-sahara.com\/en\/wp-json\/wp\/v2\/product\/23265"}],"collection":[{"href":"https:\/\/www.sopha-sahara.com\/en\/wp-json\/wp\/v2\/product"}],"about":[{"href":"https:\/\/www.sopha-sahara.com\/en\/wp-json\/wp\/v2\/types\/product"}],"wp:featuredmedia":[{"embeddable":true,"href":"https:\/\/www.sopha-sahara.com\/en\/wp-json\/wp\/v2\/media\/23398"}],"wp:attachment":[{"href":"https:\/\/www.sopha-sahara.com\/en\/wp-json\/wp\/v2\/media?parent=23265"}],"wp:term":[{"taxonomy":"product_cat","embeddable":true,"href":"https:\/\/www.sopha-sahara.com\/en\/wp-json\/wp\/v2\/product_cat?post=23265"},{"taxonomy":"product_tag","embeddable":true,"href":"https:\/\/www.sopha-sahara.com\/en\/wp-json\/wp\/v2\/product_tag?post=23265"}],"curies":[{"name":"wp","href":"https:\/\/api.w.org\/{rel}","templated":true}]}}