{"id":23264,"date":"2020-12-15T09:54:31","date_gmt":"2020-12-15T08:54:31","guid":{"rendered":"https:\/\/www.interbusinesschamber.com\/produit\/svr-50-sun-secure-ecran-mineral-teinte-50ml-peaux-intolerantes-normales-a-mixtes\/"},"modified":"2020-12-29T12:06:23","modified_gmt":"2020-12-29T11:06:23","slug":"svr-50-sun-secure-ecran-mineral-teinte-50ml-peaux-intolerantes-normales-a-mixtes","status":"publish","type":"product","link":"https:\/\/www.sopha-sahara.com\/en\/product\/svr-50-sun-secure-ecran-mineral-teinte-50ml-peaux-intolerantes-normales-a-mixtes\/","title":{"rendered":"SVR 50+ SUN SECURE \u00c9CRAN MIN\u00c9RAL TEINT\u00c9 50ML PEAUX INTOL\u00c9RANTES NORMALES A MIXTES"},"content":{"rendered":"<p><strong>Conseil d'utlisation<\/strong><\/p>\n<p>il est indiqu\u00e9 d'appliquer une dose suffisante et homog\u00e8ne pour couvrir le visage avant de s\u2019exposer au soleil et de renouveler fr\u00e9quemment l\u2019application.<\/p>\n<p><strong>COMPOSITION:<\/strong><\/p>\n<p>UNE FORMULE TRIPLE ACTION QUI CIBLE TOUS LES TYPES DE RAYONS** :<\/p>\n<p>\u2022 PROTECTION PHYSIQUE EN SURFACE GRACE AUX FILTRES SOLAIRES MIN\u00c9RAUX SPF50+ PHOTOSTABLES HAUTEMENT PERFORMANTS<\/p>\n<p>\u2022 BOUCLIER CELLULAIRE GRACE AU COMPLEXE LIPOSOMAL ANTIOXYDANT [\u0392-CAROT\u00c8NE + D\u00c9TOXOPHANE\u00ae]\u00a0<\/p>\n<p>\u2022 R\u00c9PARATION DES DOMMAGES CELLULAIRES DUS \u00c0 L\u2019EXPOSITION GRACE AU NIACINAMIDE<\/p>\n","protected":false},"excerpt":{"rendered":"<p>Svr sun secure \u00e9cran min\u00e9ral teint\u00e9 &#8211; peaux normales \u00e0 mixtes spf50+<\/p>\n<p>l&rsquo;\u00e9cran svr sun secure min\u00e9ral teint\u00e9 allie tr\u00e8s haute protection spf50+ 100% min\u00e9rale et maquillage.\u00a0<\/p>\n<p>teinte universelle pour peaux normales \u00e0 mixtes.<\/p>\n<p>le sun secure de svr convient aux peaux intol\u00e9rantes mais aussi aux femmes qui souhaitent se maquiller au soleil toute l\u2019ann\u00e9e. gr\u00e2ce \u00e0 sa bonne couvrance les imperfections sont camoufl\u00e9es le teint unifi\u00e9 toute la journ\u00e9e.<\/p>\n<p>le soin sun secure mineral r\u00e9siste \u00e0 l\u2019eau \u00e0 la transpiration et aux frottements pour une protection optimale.<\/p>","protected":false},"featured_media":23327,"template":"","meta":{"arc_restricted_post":false},"product_cat":[48,332],"product_tag":[],"_links":{"self":[{"href":"https:\/\/www.sopha-sahara.com\/en\/wp-json\/wp\/v2\/product\/23264"}],"collection":[{"href":"https:\/\/www.sopha-sahara.com\/en\/wp-json\/wp\/v2\/product"}],"about":[{"href":"https:\/\/www.sopha-sahara.com\/en\/wp-json\/wp\/v2\/types\/product"}],"wp:featuredmedia":[{"embeddable":true,"href":"https:\/\/www.sopha-sahara.com\/en\/wp-json\/wp\/v2\/media\/23327"}],"wp:attachment":[{"href":"https:\/\/www.sopha-sahara.com\/en\/wp-json\/wp\/v2\/media?parent=23264"}],"wp:term":[{"taxonomy":"product_cat","embeddable":true,"href":"https:\/\/www.sopha-sahara.com\/en\/wp-json\/wp\/v2\/product_cat?post=23264"},{"taxonomy":"product_tag","embeddable":true,"href":"https:\/\/www.sopha-sahara.com\/en\/wp-json\/wp\/v2\/product_tag?post=23264"}],"curies":[{"name":"wp","href":"https:\/\/api.w.org\/{rel}","templated":true}]}}