{"id":23263,"date":"2020-12-15T09:54:31","date_gmt":"2020-12-15T08:54:31","guid":{"rendered":"https:\/\/www.interbusinesschamber.com\/produit\/svr-densitium-concentre-30ml-anti-relachement\/"},"modified":"2020-12-29T11:56:11","modified_gmt":"2020-12-29T10:56:11","slug":"svr-densitium-concentre-30ml-anti-relachement","status":"publish","type":"product","link":"https:\/\/www.sopha-sahara.com\/en\/product\/svr-densitium-concentre-30ml-anti-relachement\/","title":{"rendered":"SVR DENSITIUM CONCENTRE 30ML ANTI-REL\u00c2CHEMENT"},"content":{"rendered":"<p><strong>Propri\u00e9t\u00e9s :<\/strong>\u00a0<\/p>\n<p>La Recherche des Laboratoires SVR innove en associant pour la premi\u00e8re fois :\u00a0<\/p>\n<p>-Le Bio-Calcium*, complexe physiologique hautement assimilable par la peau, va r\u00e9activer la coh\u00e9sion cellulaire, restructurer profond\u00e9ment l\u2019\u00e9piderme et renforcer les tissus de soutien en prot\u00e9geant le collag\u00e8ne. Recharg\u00e9e en Calcium, la peau est plus ferme et plus forte. (* Calcium bio assimilable par la peau).\u00a0<\/p>\n<p>-Le Deep Hyaluronic Acid ultra fractionn\u00e9 p\u00e9n\u00e8tre plus rapidement et plus profond\u00e9ment dans l\u00e9piderme pour augmenter sa consistance et sa densit\u00e9. Les rides marqu\u00e9es s\u2019estompent et l\u2019ovale du visage est redessin\u00e9.\u00a0<\/p>\n<p>-L'extrait d'art\u00e9misia, actif anti-rel\u00e2chement concentr\u00e9 en oligosides repulpants \u00e9vite l'affaissement des traits et r\u00e9tablit l'harmonie des volumes. Le contour du visage est remodel\u00e9. La peau retrouve densit\u00e9 et maintien.\u00a0<\/p>\n<p><strong>UTILISATION:<\/strong>\u00a0<\/p>\n<p>Appliquer SVR Densitium 45+ Concentr\u00e9 quotidiennement sur l'ensemble du visage en remontant du menton vers les pommettes et de l'int\u00e9rieur vers l'ext\u00e9rieur. S'utilise en compl\u00e9ment de Densitium Cr\u00e8me et\/ou Densitium Cr\u00e8me Riche.<\/p>","protected":false},"excerpt":{"rendered":"<p>Svr Densitium concentre soin anti-relachement reactive la cohesion cellulaire, restructure profondement dans l&rsquo;epiderme pour augmenter sa consistance et sa densite, les rides marques s&rsquo;estompent et l&rsquo;ovale du visage est redessine.\u00a0<\/p>","protected":false},"featured_media":23341,"template":"","meta":{"arc_restricted_post":false},"product_cat":[48,332],"product_tag":[],"_links":{"self":[{"href":"https:\/\/www.sopha-sahara.com\/en\/wp-json\/wp\/v2\/product\/23263"}],"collection":[{"href":"https:\/\/www.sopha-sahara.com\/en\/wp-json\/wp\/v2\/product"}],"about":[{"href":"https:\/\/www.sopha-sahara.com\/en\/wp-json\/wp\/v2\/types\/product"}],"wp:featuredmedia":[{"embeddable":true,"href":"https:\/\/www.sopha-sahara.com\/en\/wp-json\/wp\/v2\/media\/23341"}],"wp:attachment":[{"href":"https:\/\/www.sopha-sahara.com\/en\/wp-json\/wp\/v2\/media?parent=23263"}],"wp:term":[{"taxonomy":"product_cat","embeddable":true,"href":"https:\/\/www.sopha-sahara.com\/en\/wp-json\/wp\/v2\/product_cat?post=23263"},{"taxonomy":"product_tag","embeddable":true,"href":"https:\/\/www.sopha-sahara.com\/en\/wp-json\/wp\/v2\/product_tag?post=23263"}],"curies":[{"name":"wp","href":"https:\/\/api.w.org\/{rel}","templated":true}]}}