{"id":23262,"date":"2020-12-15T09:54:30","date_gmt":"2020-12-15T08:54:30","guid":{"rendered":"https:\/\/www.interbusinesschamber.com\/produit\/svr-ampoule-lift-a-30-ml\/"},"modified":"2020-12-29T12:07:24","modified_gmt":"2020-12-29T11:07:24","slug":"svr-ampoule-lift-a-30-ml","status":"publish","type":"product","link":"https:\/\/www.sopha-sahara.com\/en\/product\/svr-ampoule-lift-a-30-ml\/","title":{"rendered":"SVR AMPOULE LIFT A 30 ML"},"content":{"rendered":"","protected":false},"excerpt":{"rendered":"<p>Afin de cibler le plus pr\u00e9cis\u00e9ment possible les besoins des peaux marqu\u00e9es par les signes de l&rsquo;\u00e2ge, les laboratoires\u00a0<strong>SVR<\/strong>\u00a0ont d\u00e9velopp\u00e9 l&rsquo;<strong>ampoule lift A<\/strong>, un concentr\u00e9 lissant, retexturisant et anti-rides. Ce soin visage est id\u00e9al pour les peaux irr\u00e9guli\u00e8res qui pr\u00e9sentent des d\u00e9fauts cutan\u00e9s, notamment des rides, mais aussi des pores dilat\u00e9s. Il s&rsquo;utilise comme un\u00a0<strong>s\u00e9rum<\/strong>, avant la cr\u00e8me de jour ou de nuit, afin d&rsquo;am\u00e9liorer la qualit\u00e9 g\u00e9n\u00e9rale de l&rsquo;\u00e9piderme. Ainsi, la formule contenue dans l&rsquo;ampoule lift [A] SVR va\u00a0<strong>lisser les rides<\/strong>, retexturiser et affiner le grain de peau tout en favorisant la r\u00e9g\u00e9n\u00e9ration des cellules.<\/p>\n<p>L&rsquo;action de ce s\u00e9rum est assur\u00e9e par sa concentration en\u00a0<strong>r\u00e9tinol<\/strong>, aussi appel\u00e9\u00a0<strong>vitamine A<\/strong>. Cet actif anti-\u00e2ge de r\u00e9f\u00e9rence permet d&rsquo;obtenir un effet peau neuve et de corriger l&rsquo;ensemble des signes du\u00a0<strong>vieillissement cutan\u00e9<\/strong>. Il booste le renouvellement cellulaire, r\u00e9duit les taches brunes et uniformise le teint.<br \/>SVR a s\u00e9lectionn\u00e9 deux formes de r\u00e9tinol : du r\u00e9tinol pur concentr\u00e9 \u00e0 0,1 % et du r\u00e9tinol pur encapsul\u00e9 \u00e0 0,2 %, qui est lib\u00e9r\u00e9 en continu dans tous les niveaux de la peau. Le laboratoire a \u00e9galement fait en sorte de garantir une tol\u00e9rance optimale pour les peaux sensibles.<\/p>\n<p>Gr\u00e2ce \u00e0 sa texture lact\u00e9e, l&rsquo;<strong>ampoule lift A SVR<\/strong>\u00a0offre une fusion avec la peau, pour une meilleure diffusion des actifs et des r\u00e9sultats visibles. Imm\u00e9diatement, la peau est liss\u00e9e et plus confortable. Jour apr\u00e8s jour, elle retrouve tonus, souplesse et douceur. Son\u00a0<strong>capital jeunesse<\/strong>\u00a0est pr\u00e9serv\u00e9 des agressions et des effets du temps.<br \/>\u00a0<\/p>\n<p>Appliquez matin ou soir avant votre soin quotidien ou m\u00e9langez directement \u00e0 votre cr\u00e8me. \u00c9vitez le contact avec les yeux.<\/p>\n","protected":false},"featured_media":23329,"template":"","meta":{"arc_restricted_post":false},"product_cat":[48,332],"product_tag":[],"_links":{"self":[{"href":"https:\/\/www.sopha-sahara.com\/en\/wp-json\/wp\/v2\/product\/23262"}],"collection":[{"href":"https:\/\/www.sopha-sahara.com\/en\/wp-json\/wp\/v2\/product"}],"about":[{"href":"https:\/\/www.sopha-sahara.com\/en\/wp-json\/wp\/v2\/types\/product"}],"wp:featuredmedia":[{"embeddable":true,"href":"https:\/\/www.sopha-sahara.com\/en\/wp-json\/wp\/v2\/media\/23329"}],"wp:attachment":[{"href":"https:\/\/www.sopha-sahara.com\/en\/wp-json\/wp\/v2\/media?parent=23262"}],"wp:term":[{"taxonomy":"product_cat","embeddable":true,"href":"https:\/\/www.sopha-sahara.com\/en\/wp-json\/wp\/v2\/product_cat?post=23262"},{"taxonomy":"product_tag","embeddable":true,"href":"https:\/\/www.sopha-sahara.com\/en\/wp-json\/wp\/v2\/product_tag?post=23262"}],"curies":[{"name":"wp","href":"https:\/\/api.w.org\/{rel}","templated":true}]}}