{"id":23261,"date":"2020-12-15T09:54:30","date_gmt":"2020-12-15T08:54:30","guid":{"rendered":"https:\/\/www.interbusinesschamber.com\/produit\/topialyse-palpebral-creme-15ml\/"},"modified":"2020-12-29T10:30:31","modified_gmt":"2020-12-29T09:30:31","slug":"topialyse-palpebral-creme-15ml","status":"publish","type":"product","link":"https:\/\/www.sopha-sahara.com\/en\/product\/topialyse-palpebral-creme-15ml\/","title":{"rendered":"TOPIALYSE PALP\u00c9BRAL CR\u00c8ME 15ML"},"content":{"rendered":"","protected":false},"excerpt":{"rendered":"<ul>\n<li>Apaise et diminue les sensations de grattage<\/li>\n<li>Prot\u00e8ge des agressions ext\u00e9rieures gr\u00e2ce \u00e0 un effet barri\u00e8re<\/li>\n<li>Hypoallerg\u00e9nique<\/li>\n<\/ul>\n<p>Contenance : 15 ml<\/p>","protected":false},"featured_media":23406,"template":"","meta":{"arc_restricted_post":false},"product_cat":[48,332],"product_tag":[],"_links":{"self":[{"href":"https:\/\/www.sopha-sahara.com\/en\/wp-json\/wp\/v2\/product\/23261"}],"collection":[{"href":"https:\/\/www.sopha-sahara.com\/en\/wp-json\/wp\/v2\/product"}],"about":[{"href":"https:\/\/www.sopha-sahara.com\/en\/wp-json\/wp\/v2\/types\/product"}],"wp:featuredmedia":[{"embeddable":true,"href":"https:\/\/www.sopha-sahara.com\/en\/wp-json\/wp\/v2\/media\/23406"}],"wp:attachment":[{"href":"https:\/\/www.sopha-sahara.com\/en\/wp-json\/wp\/v2\/media?parent=23261"}],"wp:term":[{"taxonomy":"product_cat","embeddable":true,"href":"https:\/\/www.sopha-sahara.com\/en\/wp-json\/wp\/v2\/product_cat?post=23261"},{"taxonomy":"product_tag","embeddable":true,"href":"https:\/\/www.sopha-sahara.com\/en\/wp-json\/wp\/v2\/product_tag?post=23261"}],"curies":[{"name":"wp","href":"https:\/\/api.w.org\/{rel}","templated":true}]}}