{"id":23260,"date":"2020-12-15T09:54:30","date_gmt":"2020-12-15T08:54:30","guid":{"rendered":"https:\/\/www.interbusinesschamber.com\/produit\/svr-solaire-sun-secure-blur-creme-mousse-toutes-peaux-spf50-50ml\/"},"modified":"2020-12-29T11:04:30","modified_gmt":"2020-12-29T10:04:30","slug":"svr-solaire-sun-secure-blur-creme-mousse-toutes-peaux-spf50-50ml","status":"publish","type":"product","link":"https:\/\/www.sopha-sahara.com\/en\/product\/svr-solaire-sun-secure-blur-creme-mousse-toutes-peaux-spf50-50ml\/","title":{"rendered":"SVR SOLAIRE SUN SECURE BLUR CREME MOUSSE TOUTES PEAUX SPF50 50ML"},"content":{"rendered":"<p><strong>conseils d'utilisation<\/strong><br \/>avant de s'exposer au soleil appliquer une dose suffisante et homog\u00e8ne pour couvrir le visage.\u00a0<br \/>renouveler fr\u00e9quemment l'application.<\/p>\n<p><strong>composition<\/strong><br \/>formule inci : aqua (purified water) ethylhexyl methoxycinnamate cyclopentasiloxane polymethyl methacrylate caprylyl methione glycerin ethylhexyl triazone bis-ethylhexyloxyphenol methoxyphenyl triazine peg-12 dimethicone\/peg-20 crosspolymer cetyl alcohol glyceryl stearate polyester-7 dimethicone niacinamide aminomethyl propanol beta-carot\u00e8ne caprylhydroxamic acid ci 15850 daucus carrota sativa (carrot) root extract dimethicone crosspolymer-3 glycine soja oil hydrogenated phosphatidycholine lecithin lepidum sativum sprout extract phenetyl alcohol tocopherol tocopheryl acetate 1-2 hexanediol caprylyl glycol ceteth-20 dimethiconol disodium edta lysolecithin neopentyl glycol diheptanoate peg-75 stearate pentylene glycol sodium laureth sulfate sodium polyacrylate starch steareth-20 triethoxycaprylsilane phenoxyethanol parfum (fragrance) ci 77492.<\/p>\n<p>non com\u00e9dog\u00e8ne.\u00a0<br \/>hypoallerg\u00e9nique.\u00a0<br \/>sans paraben.\u00a0<br \/>sans alcool.\u00a0<br \/>sans octocryl\u00e8ne.\u00a0<br \/>parfum sans allerg\u00e8ne non photosensiblisant.<\/p>","protected":false},"excerpt":{"rendered":"<p>une texture mousse in\u00e9dite qui fond instantan\u00e9ment pour flouter les d\u00e9fauts et unifier la peau visiblement.<br \/>un effet peau nue fini incroyablement velout\u00e9.<br \/>d\u00e9licat parfum d&rsquo;\u00e9t\u00e9 sans allerg\u00e8ne.<\/p>\n<p>sa formule r\u00e9siste \u00e0 l\u2019eau et aux frottements pour une protection optimale et peut m\u00eame \u00eatre appliqu\u00e9e sur peau mouill\u00e9e.\u00a0<br \/>triple action gr\u00e2ce \u00e0 l&rsquo;integral secure technology elle :<br \/>&#8211; offre une protection physique en surface gr\u00e2ce aux filtres solaires organiques spf50+ photostables hautement performants.<br \/>&#8211; forme un bouclier cellulaire gr\u00e2ce au complexe liposomal antioxydant.<br \/>&#8211; r\u00e9pare des dommages cellulaires dus \u00e0 l\u2019exposition gr\u00e2ce au niacinamide.<\/p>","protected":false},"featured_media":23375,"template":"","meta":{"arc_restricted_post":false},"product_cat":[48,332],"product_tag":[],"_links":{"self":[{"href":"https:\/\/www.sopha-sahara.com\/en\/wp-json\/wp\/v2\/product\/23260"}],"collection":[{"href":"https:\/\/www.sopha-sahara.com\/en\/wp-json\/wp\/v2\/product"}],"about":[{"href":"https:\/\/www.sopha-sahara.com\/en\/wp-json\/wp\/v2\/types\/product"}],"wp:featuredmedia":[{"embeddable":true,"href":"https:\/\/www.sopha-sahara.com\/en\/wp-json\/wp\/v2\/media\/23375"}],"wp:attachment":[{"href":"https:\/\/www.sopha-sahara.com\/en\/wp-json\/wp\/v2\/media?parent=23260"}],"wp:term":[{"taxonomy":"product_cat","embeddable":true,"href":"https:\/\/www.sopha-sahara.com\/en\/wp-json\/wp\/v2\/product_cat?post=23260"},{"taxonomy":"product_tag","embeddable":true,"href":"https:\/\/www.sopha-sahara.com\/en\/wp-json\/wp\/v2\/product_tag?post=23260"}],"curies":[{"name":"wp","href":"https:\/\/api.w.org\/{rel}","templated":true}]}}