{"id":23259,"date":"2020-12-15T09:54:30","date_gmt":"2020-12-15T08:54:30","guid":{"rendered":"https:\/\/www.interbusinesschamber.com\/produit\/svr-sebiaclear-hydra-soin-reparateur-40ml\/"},"modified":"2020-12-29T11:25:57","modified_gmt":"2020-12-29T10:25:57","slug":"svr-sebiaclear-hydra-soin-reparateur-40ml","status":"publish","type":"product","link":"https:\/\/www.sopha-sahara.com\/en\/product\/svr-sebiaclear-hydra-soin-reparateur-40ml\/","title":{"rendered":"SVR SEBIACLEAR HYDRA SOIN REPARATEUR 40ML"},"content":{"rendered":"<p><strong>conseils d'utilisation<\/strong><br \/>appliquer matin et\/ou soir sur peau nettoy\u00e9e.\u00a0<br \/>sebiaclear hydra est une excellente base de maquillage.<\/p>\n<p><strong>composition<\/strong><br \/>formule inci : aqua (purified water) caprylic\/capric triglyceride niacinamide butyrospermum parkii butter extract glycerin butyrospermum parkii butter methyl methacrylate crosspolymer cyclopentasiloxane cetyl alcohol glyceryl stearate cetyl dimethicone saccharide isomerate argania spinosa kernel oil dimethicone crosspolymer-3 glycolypids glycosphingolipids spend grain wax tocopherol 1-3 hexanediol caprylyl glycol ceteth-20 citric acid peg-75 stearate pentylene glycol sodium citrate sodium polyacrylate starch steareth-20 parfum (fragrance).<\/p>\n<p>sans paraben.<\/p>","protected":false},"excerpt":{"rendered":"<p>sebiaclear<br \/>hydra<br \/>soin r\u00e9parateur apaisant<br \/>anti-marques<br \/>peaux \u00e0 tendances acn\u00e9iques\u00a0<br \/>40ml<\/p>\n<p>les peaux acn\u00e9iques sous traitements ont la peau s\u00e8che et fragilis\u00e9e.\u00a0<br \/>elles recherchent un soin adapt\u00e9 qui leur apporte confort et hydratation au quotidien.\u00a0<br \/>plus qu\u2019un hydratant compensateur elles ont besoin d\u2019un soin qui combat l\u2019inflammation et les marques r\u00e9siduelles tout en hydratant leur peau qui subit une s\u00e9cheresse intense.<\/p>","protected":false},"featured_media":23362,"template":"","meta":{"arc_restricted_post":false},"product_cat":[48,332],"product_tag":[],"_links":{"self":[{"href":"https:\/\/www.sopha-sahara.com\/en\/wp-json\/wp\/v2\/product\/23259"}],"collection":[{"href":"https:\/\/www.sopha-sahara.com\/en\/wp-json\/wp\/v2\/product"}],"about":[{"href":"https:\/\/www.sopha-sahara.com\/en\/wp-json\/wp\/v2\/types\/product"}],"wp:featuredmedia":[{"embeddable":true,"href":"https:\/\/www.sopha-sahara.com\/en\/wp-json\/wp\/v2\/media\/23362"}],"wp:attachment":[{"href":"https:\/\/www.sopha-sahara.com\/en\/wp-json\/wp\/v2\/media?parent=23259"}],"wp:term":[{"taxonomy":"product_cat","embeddable":true,"href":"https:\/\/www.sopha-sahara.com\/en\/wp-json\/wp\/v2\/product_cat?post=23259"},{"taxonomy":"product_tag","embeddable":true,"href":"https:\/\/www.sopha-sahara.com\/en\/wp-json\/wp\/v2\/product_tag?post=23259"}],"curies":[{"name":"wp","href":"https:\/\/api.w.org\/{rel}","templated":true}]}}