{"id":23258,"date":"2020-12-15T09:54:30","date_gmt":"2020-12-15T08:54:30","guid":{"rendered":"https:\/\/www.interbusinesschamber.com\/produit\/svr-topialyse-huile-lavante-200ml\/"},"modified":"2020-12-29T10:46:43","modified_gmt":"2020-12-29T09:46:43","slug":"svr-topialyse-huile-lavante-200ml","status":"publish","type":"product","link":"https:\/\/www.sopha-sahara.com\/en\/product\/svr-topialyse-huile-lavante-200ml\/","title":{"rendered":"SVR TOPIALYSE HUILE LAVANTE 200ML"},"content":{"rendered":"","protected":false},"excerpt":{"rendered":"<ul>\n<li>\n<div>Peaux s\u00e8ches \u00e0 atopiques<\/div>\n<\/li>\n<li>\n<div>Nourrisson (d\u00e8s la naissance, hors pr\u00e9matur\u00e9), enfant, adulte<\/div>\n<\/li>\n<li>\n<div>Corps, visage, hygi\u00e8ne intime \u2022 Douche et\/ou bain<\/div>\n<\/li>\n<\/ul>\n<p>Bien plus qu\u2019un lavant, TOPIALYSE HUILE LAVANTE MICELLAIRE est un v\u00e9ritable soin qui nourrit intens\u00e9ment et pr\u00e9serve le film hydrolipidique des peaux s\u00e8ches \u00e0 atopiques tout en r\u00e9duisant les sensations de tiraillements et de grattage.<\/p>\n<p>C\u2019est aussi une prouesse formulatoire qui associe la plus haute* concentration en actifs hydratants et relipidants (35%) \u00e0 la Niacinamide apaisante et anti-irritations.<\/p>\n<p>Enfin, c\u2019est une texture huile soyeuse et enveloppante 100% plaisir, 100% respectueuse des peaux s\u00e8ches \u00e0 atopiques, 100% formul\u00e9e pour toute la famille du nourrisson \u00e0 l\u2019adulte.<\/p>\n<p>Se rince facilement. Ne laisse pas de r\u00e9sidus glissants dans le bain ou la douche.<\/p>","protected":false},"featured_media":23390,"template":"","meta":{"arc_restricted_post":false},"product_cat":[48,332],"product_tag":[],"_links":{"self":[{"href":"https:\/\/www.sopha-sahara.com\/en\/wp-json\/wp\/v2\/product\/23258"}],"collection":[{"href":"https:\/\/www.sopha-sahara.com\/en\/wp-json\/wp\/v2\/product"}],"about":[{"href":"https:\/\/www.sopha-sahara.com\/en\/wp-json\/wp\/v2\/types\/product"}],"wp:featuredmedia":[{"embeddable":true,"href":"https:\/\/www.sopha-sahara.com\/en\/wp-json\/wp\/v2\/media\/23390"}],"wp:attachment":[{"href":"https:\/\/www.sopha-sahara.com\/en\/wp-json\/wp\/v2\/media?parent=23258"}],"wp:term":[{"taxonomy":"product_cat","embeddable":true,"href":"https:\/\/www.sopha-sahara.com\/en\/wp-json\/wp\/v2\/product_cat?post=23258"},{"taxonomy":"product_tag","embeddable":true,"href":"https:\/\/www.sopha-sahara.com\/en\/wp-json\/wp\/v2\/product_tag?post=23258"}],"curies":[{"name":"wp","href":"https:\/\/api.w.org\/{rel}","templated":true}]}}