{"id":23257,"date":"2020-12-15T09:54:30","date_gmt":"2020-12-15T08:54:30","guid":{"rendered":"https:\/\/www.interbusinesschamber.com\/produit\/svr-topialyse-mains-creme-nutri-reparatrice-50-ml\/"},"modified":"2020-12-29T10:44:50","modified_gmt":"2020-12-29T09:44:50","slug":"svr-topialyse-mains-creme-nutri-reparatrice-50-ml","status":"publish","type":"product","link":"https:\/\/www.sopha-sahara.com\/en\/product\/svr-topialyse-mains-creme-nutri-reparatrice-50-ml\/","title":{"rendered":"SVR TOPIALYSE MAINS CR\u00c8ME NUTRI R\u00c9PARATRICE 50 ML"},"content":{"rendered":"<p><strong>FORMULE :<\/strong><\/p>\n<p>Mains sensibles, s\u00e8ches et ab\u00eem\u00e9es.<br \/>Texture ultra-fondante au fini poudr\u00e9 et toucher velours.P\u00e9n\u00e9tration rapide sans fini gras ou collant.<br \/>Parfum subtil sans allerg\u00e8ne aux notes bois\u00e9es et fruit\u00e9es.<br \/>Haute tol\u00e9rance.<br \/>100% test\u00e9e sur peaux sensibles.<br \/>Sans paraben. Sans silicone. Sans huile min\u00e9rale.<br \/>ACTIFS DERMATOLOGIQUES DE R\u00c9F\u00c9RENCE \u00c0 LA PLUS HAUTE CONCENTRATION<br \/>- Om\u00e9gas 3, 6 et 9 : restructurent et restaurent la barri\u00e8re cutan\u00e9e.<br \/>- Beurre de karit\u00e9 7% : nourrit et apaise intens\u00e9ment.<br \/>- Glyc\u00e9rine : humectant et hydratant.<br \/>- Cristaux liquides : en parfaite affinit\u00e9 avec les structures cutan\u00e9es, ils hydratent en continu et \u00e0 long terme.<\/p>\n<p>&nbsp;<\/p>\n<p><strong>RESULTATS :<\/strong><\/p>\n<p>UNE EFFICACIT\u00c9 CLINIQUEMENT PROUV\u00c9E, DES RESULTATS EXCEPTIONNELS<br \/>D\u00e8s la 1\u00e8re application : +182%** peau apais\u00e9e<br \/>D\u00e8s 7 jours : +191%* peau nourrie \/ +198%** peau r\u00e9par\u00e9e<br \/>Apr\u00e8s 21 jours, un v\u00e9ritable effet cumulatif : +340%* peau nourrie \/ +343%* peau r\u00e9par\u00e9e<br \/>UNE EFFICACIT\u00c9 PL\u00c9BISCIT\u00c9E PAR LES CONSOMMATEURS<br \/>95%*** peau r\u00e9g\u00e9n\u00e9r\u00e9e, r\u00e9par\u00e9e<br \/>95%***mains prot\u00e9g\u00e9es<br \/>Etude clinique sur 22 volontaires hommes et femmes \u00e2g\u00e9s de 44 \u00e0 68 ans apr\u00e8s application au moins deux fois par jour pendant 21 jours<br \/>*Cotation clinique<br \/>**Auto-\u00e9valuation<br \/>***% de satisfaction<\/p>\n<p>&nbsp;<\/p>\n<p><strong>CONSEILS D'UTILISATION :<\/strong><\/p>\n<p>Appliquer sur le dos de la main puis masser par l\u00e9g\u00e8res pressions circulaires.<br \/>Peut s\u2019appliquer plusieurs fois par jour.<\/p>","protected":false},"excerpt":{"rendered":"<p>TOPIALYSE MAINS est sp\u00e9cialement formul\u00e9e pour nourrir et r\u00e9g\u00e9n\u00e9rer les mains les plus dess\u00e9ch\u00e9es et ab\u00eem\u00e9es. Sa formule ultra-concentr\u00e9e en phase grasse (27%) et en beurre de karit\u00e9 (7%) procure une nutrition intense et un confort imm\u00e9diat. Enrichie en Om\u00e9gas 3, 6 et 9, TOPIALYSE MAINS restaure la barri\u00e8re cutan\u00e9e. Prot\u00e9g\u00e9es, m\u00eame en conditions extr\u00eames, les mains sont plus douces et plus lisses.<\/p>","protected":false},"featured_media":23392,"template":"","meta":{"arc_restricted_post":false},"product_cat":[48,332],"product_tag":[],"_links":{"self":[{"href":"https:\/\/www.sopha-sahara.com\/en\/wp-json\/wp\/v2\/product\/23257"}],"collection":[{"href":"https:\/\/www.sopha-sahara.com\/en\/wp-json\/wp\/v2\/product"}],"about":[{"href":"https:\/\/www.sopha-sahara.com\/en\/wp-json\/wp\/v2\/types\/product"}],"wp:featuredmedia":[{"embeddable":true,"href":"https:\/\/www.sopha-sahara.com\/en\/wp-json\/wp\/v2\/media\/23392"}],"wp:attachment":[{"href":"https:\/\/www.sopha-sahara.com\/en\/wp-json\/wp\/v2\/media?parent=23257"}],"wp:term":[{"taxonomy":"product_cat","embeddable":true,"href":"https:\/\/www.sopha-sahara.com\/en\/wp-json\/wp\/v2\/product_cat?post=23257"},{"taxonomy":"product_tag","embeddable":true,"href":"https:\/\/www.sopha-sahara.com\/en\/wp-json\/wp\/v2\/product_tag?post=23257"}],"curies":[{"name":"wp","href":"https:\/\/api.w.org\/{rel}","templated":true}]}}