{"id":23256,"date":"2020-12-15T09:54:30","date_gmt":"2020-12-15T08:54:30","guid":{"rendered":"https:\/\/www.interbusinesschamber.com\/produit\/svr-topialyse-stick-levres-4-g\/"},"modified":"2020-12-29T10:39:59","modified_gmt":"2020-12-29T09:39:59","slug":"svr-topialyse-stick-levres-4-g","status":"publish","type":"product","link":"https:\/\/www.sopha-sahara.com\/en\/product\/svr-topialyse-stick-levres-4-g\/","title":{"rendered":"SVR TOPIALYSE STICK L\u00c8VRES 4 G"},"content":{"rendered":"","protected":false},"excerpt":{"rendered":"<p>TOPIALYSE L\u00e8vres est sp\u00e9cialement formul\u00e9 pour nourrir et r\u00e9parer les l\u00e8vres ab\u00eem\u00e9es et gerc\u00e9es. Sa formule enrichie en Om\u00e9gas 3, 6, 9 prot\u00e8ge durablement les l\u00e8vres des agressions ext\u00e9rieures quotidiennes. Jour apr\u00e8s jour, les l\u00e8vres sont apais\u00e9es et adoucies.<\/p>","protected":false},"featured_media":23395,"template":"","meta":{"arc_restricted_post":false},"product_cat":[48,332],"product_tag":[],"_links":{"self":[{"href":"https:\/\/www.sopha-sahara.com\/en\/wp-json\/wp\/v2\/product\/23256"}],"collection":[{"href":"https:\/\/www.sopha-sahara.com\/en\/wp-json\/wp\/v2\/product"}],"about":[{"href":"https:\/\/www.sopha-sahara.com\/en\/wp-json\/wp\/v2\/types\/product"}],"wp:featuredmedia":[{"embeddable":true,"href":"https:\/\/www.sopha-sahara.com\/en\/wp-json\/wp\/v2\/media\/23395"}],"wp:attachment":[{"href":"https:\/\/www.sopha-sahara.com\/en\/wp-json\/wp\/v2\/media?parent=23256"}],"wp:term":[{"taxonomy":"product_cat","embeddable":true,"href":"https:\/\/www.sopha-sahara.com\/en\/wp-json\/wp\/v2\/product_cat?post=23256"},{"taxonomy":"product_tag","embeddable":true,"href":"https:\/\/www.sopha-sahara.com\/en\/wp-json\/wp\/v2\/product_tag?post=23256"}],"curies":[{"name":"wp","href":"https:\/\/api.w.org\/{rel}","templated":true}]}}