{"id":23254,"date":"2020-12-15T09:54:29","date_gmt":"2020-12-15T08:54:29","guid":{"rendered":"https:\/\/www.interbusinesschamber.com\/produit\/svr-solaire-sun-secure-fluide-peaux-hypersensibles-au-soleil-spf50-50ml\/"},"modified":"2020-12-29T11:02:19","modified_gmt":"2020-12-29T10:02:19","slug":"svr-solaire-sun-secure-fluide-peaux-hypersensibles-au-soleil-spf50-50ml","status":"publish","type":"product","link":"https:\/\/www.sopha-sahara.com\/en\/product\/svr-solaire-sun-secure-fluide-peaux-hypersensibles-au-soleil-spf50-50ml\/","title":{"rendered":"SVR SOLAIRE SUN SECURE FLUIDE PEAUX HYPERSENSIBLES AU SOLEIL SPF50+ 50ML"},"content":{"rendered":"<p><strong>conseils d'utilisation<\/strong><br \/>avant de s\u2019exposer au soleil appliquer une dose suffisante et homog\u00e8ne pour couvrir le visage.\u00a0<br \/>renouveler fr\u00e9quemment l\u2019application.\u00a0<br \/>lire attentivement la notice.<\/p>\n<p><strong>composition<\/strong><br \/>formule inci : aqua (purified water). diisopropyl adipate. ethylhexyl methoxycinnamate. diethylamino hydroxybenzoyl hexyl benzoate homosalate. methyl methacrylate crosspolymer. methylene bis-benzotriazolyl tetramethyl- butylphenol\u2002\u2002bis ethylhexyloxyphenol methoxyphenyl triazine c12-15 alkyl benzoate. cyclopentasiloxane silica. beheneth-25 ethylhexyl\u2002\u2002triazone \u2002\u2002polymethyl methacrylate dimethicone glyceryl stearate citrate polyester-7 niacinamide aminomethyl propanol beta-carotene caprylhydroxamic acid cetearyl dimethicone crosspolymer. daucus cabota sativa (carrot) root extract decyl glucoside glycine soja oil hydrogenated phosphatidylcholine lecithin. lepidium sativum sprout extract phenethyl alcohol glycerin squalane tocopherol. tocopheryl acetate 1 2-hexanediol caprylyl glycol citric acid disodium edta hydroxyethyl\u2002\u2002acrylate\/sodium acryloyldimethyl taurate copolymer lysolecithin neopentyl glycol diheptanoate. pentylene glycol polysorbate 6o. sodium laureth sulfate sorbitan isostearate. xanthan gum phenoxyethanol parfum (fragrance).<\/p>\n<p>sans allerg\u00e8ne.<br \/>non photosensibilisant.<br \/>non com\u00e9dog\u00e8ne.<br \/>sans alcool.<br \/>sans paraben.<br \/>sans octocryl\u00e8ne.<\/p>\n<p>la liste des ingr\u00e9dients peut \u00eatre soumise \u00e0 des variations nous vous conseillons de toujours v\u00e9rifier la liste figurant sur le produit achet\u00e9.\u00a0<\/p>","protected":false},"excerpt":{"rendered":"<p>svr sun secure est un fluide au toucher sec qui laisse sur la peau un fini mat non gras et non collant.\u00a0<br \/>sa texture l\u00e9g\u00e8re p\u00e9n\u00e8tre instantan\u00e9ment sur la peau et est particuli\u00e8rement adapt\u00e9e aux peaux normales \u00e0 mixtes.\u00a0<br \/>il r\u00e9siste \u00e0 l\u2019eau \u00e0 la transpiration et aux frottements pour une protection optimale.\u00a0<br \/>il est adapt\u00e9 au visage des peaux hypersensibles au soleil de toute la famille : b\u00e9b\u00e9 enfant adulte.\u00a0<br \/>son d\u00e9licat parfum d\u2019\u00e9t\u00e9 et sa texture l\u00e9g\u00e8re en feront l\u2019alli\u00e9 de toute la famille.\u00a0<\/p>","protected":false},"featured_media":23377,"template":"","meta":{"arc_restricted_post":false},"product_cat":[48,332],"product_tag":[],"_links":{"self":[{"href":"https:\/\/www.sopha-sahara.com\/en\/wp-json\/wp\/v2\/product\/23254"}],"collection":[{"href":"https:\/\/www.sopha-sahara.com\/en\/wp-json\/wp\/v2\/product"}],"about":[{"href":"https:\/\/www.sopha-sahara.com\/en\/wp-json\/wp\/v2\/types\/product"}],"wp:featuredmedia":[{"embeddable":true,"href":"https:\/\/www.sopha-sahara.com\/en\/wp-json\/wp\/v2\/media\/23377"}],"wp:attachment":[{"href":"https:\/\/www.sopha-sahara.com\/en\/wp-json\/wp\/v2\/media?parent=23254"}],"wp:term":[{"taxonomy":"product_cat","embeddable":true,"href":"https:\/\/www.sopha-sahara.com\/en\/wp-json\/wp\/v2\/product_cat?post=23254"},{"taxonomy":"product_tag","embeddable":true,"href":"https:\/\/www.sopha-sahara.com\/en\/wp-json\/wp\/v2\/product_tag?post=23254"}],"curies":[{"name":"wp","href":"https:\/\/api.w.org\/{rel}","templated":true}]}}