{"id":23253,"date":"2020-12-15T09:54:29","date_gmt":"2020-12-15T08:54:29","guid":{"rendered":"https:\/\/www.interbusinesschamber.com\/produit\/svr-liftiane-serum-30ml\/"},"modified":"2020-12-29T11:37:36","modified_gmt":"2020-12-29T10:37:36","slug":"svr-liftiane-serum-30ml","status":"publish","type":"product","link":"https:\/\/www.sopha-sahara.com\/en\/product\/svr-liftiane-serum-30ml\/","title":{"rendered":"SVR LIFTIANE SERUM 30ML"},"content":{"rendered":"<div class=\"product-tabs\">\n<div class=\"std\">\n<p>LIFTIANE, c\u2019est l\u2019association de 2 actifs anti-\u00e2ge ultra-puissants \u00e0 la plus haute concentration:<br \/>Le Resv\u00e9ratrol pur de derni\u00e8re g\u00e9n\u00e9ration :<br \/>\u2022 Anti-oxydant puissant pour combattre les radicaux libres<br \/>\u2022 Activateur des sirtuines, prot\u00e9ines de long\u00e9vit\u00e9 cellulaire, pour un effet anti-\u00e2ge global<\/p>\n<p>Deux Acides hyaluroniques ultra-compl\u00e9mentaires :<br \/>\u2022 De haut poids mol\u00e9culaire pour un micro-comblement imm\u00e9diat<br \/>\u2022 De moyen poids mol\u00e9culaire pour un effet r\u00e9g\u00e9n\u00e9rant anti-\u00e2ge<br \/>LIFTIANE, c\u2019est 4 formules ultra-sensorielles et addictives d\u00e9licatement parfum\u00e9es de notes florales, poudr\u00e9es, musqu\u00e9es sans allerg\u00e8ne et 100% respectueuses des peaux sensibles.<\/p>\n<p>&nbsp;<\/p>\n<p>Toutes peaux<br \/>Texture lumi\u00e8re \u00e0 effet stretch<br \/>Haute tol\u00e9rance<br \/>Test\u00e9 sur peaux sensibles. Hypoallerg\u00e9nique.<br \/>Sans paraben. Parfum aux notes florales, poudr\u00e9es, musqu\u00e9es sans allerg\u00e8ne.<\/p>\n<\/div>\n<\/div>\n<div class=\"product-tabs\">\n<div class=\"title-border\">\n<h4 class=\"h2\">Conseils d'utilisation<\/h4>\n<\/div>\n<div class=\"std\">\n<p>Appliquer matin et\/ou soir sur le visage et le cou, sous votre cr\u00e8me.<\/p>\n<\/div>\n<\/div>\n<div class=\"product-tabs\">\n<div class=\"title-border\">\n<h4 class=\"h2\">Composition<\/h4>\n<\/div>\n<div class=\"std\">\n<p>Formule INCI:\u00a0Aqua (Purified Water), Propanediol, Gluconolactone, Aluminia, Ppg-26-Buteth-26, Dicaprylyl Carbonate, Peg-40 Hydrogenated Castor Oil, Dipalmitoyl Hydroxyproline, Resveratrol, Biosaccharide Gum-1, Diethylhexyl Syringlyidenemalone, Glycerin, Hydolyzed Hyaluronic Acid, Mica, Sodium Hyaluronate, Titanium Dioxide, Tocopherol, Tocopheryl Acetate, 1-2 Hexanediol, Acacia Senegal Gum, Ammonium Acryloyldimethyltaurate\/VP Copolymer, Caprylic\/Capric Triglyceride, Caprylyl Glycol, Glyceryl Caprylate, Pentylene Glycol, Sodium Anisate, Sodium Hydroxide, Sodium Levulinate, Xanthan Gum, Parfum.<\/p>\n<\/div>\n<\/div>","protected":false},"excerpt":{"rendered":"<p>Le Laboratoire SVR cr\u00e9e LIFTIANE, la r\u00e9ponse anti-rides et fermet\u00e9 qui combat tous les signes du vieillissement cutan\u00e9 pour des r\u00e9sultats visibles d\u00e8s 7 jours. LIFTIANE CREME comble de fa\u00e7on visible les rides et raffermit la peau.\u00a0<br \/>D\u00e8s la premi\u00e8re semaine, la peau est plus lisse et plus lumineuse.\u00a0<br \/>D\u00e8s 1 mois, la peau est plus ferme et plus dense, les rides sont att\u00e9nu\u00e9es.<\/p>","protected":false},"featured_media":23354,"template":"","meta":{"arc_restricted_post":false},"product_cat":[48,332],"product_tag":[],"_links":{"self":[{"href":"https:\/\/www.sopha-sahara.com\/en\/wp-json\/wp\/v2\/product\/23253"}],"collection":[{"href":"https:\/\/www.sopha-sahara.com\/en\/wp-json\/wp\/v2\/product"}],"about":[{"href":"https:\/\/www.sopha-sahara.com\/en\/wp-json\/wp\/v2\/types\/product"}],"wp:featuredmedia":[{"embeddable":true,"href":"https:\/\/www.sopha-sahara.com\/en\/wp-json\/wp\/v2\/media\/23354"}],"wp:attachment":[{"href":"https:\/\/www.sopha-sahara.com\/en\/wp-json\/wp\/v2\/media?parent=23253"}],"wp:term":[{"taxonomy":"product_cat","embeddable":true,"href":"https:\/\/www.sopha-sahara.com\/en\/wp-json\/wp\/v2\/product_cat?post=23253"},{"taxonomy":"product_tag","embeddable":true,"href":"https:\/\/www.sopha-sahara.com\/en\/wp-json\/wp\/v2\/product_tag?post=23253"}],"curies":[{"name":"wp","href":"https:\/\/api.w.org\/{rel}","templated":true}]}}