{"id":23252,"date":"2020-12-15T09:54:29","date_gmt":"2020-12-15T08:54:29","guid":{"rendered":"https:\/\/www.interbusinesschamber.com\/produit\/svr-liftiane-contour-des-yeux-et-levres-15-ml\/"},"modified":"2020-12-29T11:41:39","modified_gmt":"2020-12-29T10:41:39","slug":"svr-liftiane-contour-des-yeux-et-levres-15-ml","status":"publish","type":"product","link":"https:\/\/www.sopha-sahara.com\/en\/product\/svr-liftiane-contour-des-yeux-et-levres-15-ml\/","title":{"rendered":"SVR LIFTIANE CONTOUR DES YEUX ET L\u00c8VRES 15 ML"},"content":{"rendered":"","protected":false},"excerpt":{"rendered":"<p>Le Laboratoire SVR cr\u00e9e LIFTIANE, la r\u00e9ponse anti-rides et fermet\u00e9 qui combat tous les signes du vieillissement cutan\u00e9 pour des r\u00e9sultats visibles d\u00e8s 7 jours. LIFTIANE CREME comble de fa\u00e7on visible les rides et raffermit la peau.\u00a0<br \/>D\u00e8s la premi\u00e8re semaine, la peau est plus lisse et plus lumineuse.\u00a0<br \/>D\u00e8s 1 mois, la peau est plus ferme et plus dense, les rides sont att\u00e9nu\u00e9es.\u00a0<\/p>","protected":false},"featured_media":23351,"template":"","meta":{"arc_restricted_post":false},"product_cat":[48,332],"product_tag":[],"_links":{"self":[{"href":"https:\/\/www.sopha-sahara.com\/en\/wp-json\/wp\/v2\/product\/23252"}],"collection":[{"href":"https:\/\/www.sopha-sahara.com\/en\/wp-json\/wp\/v2\/product"}],"about":[{"href":"https:\/\/www.sopha-sahara.com\/en\/wp-json\/wp\/v2\/types\/product"}],"wp:featuredmedia":[{"embeddable":true,"href":"https:\/\/www.sopha-sahara.com\/en\/wp-json\/wp\/v2\/media\/23351"}],"wp:attachment":[{"href":"https:\/\/www.sopha-sahara.com\/en\/wp-json\/wp\/v2\/media?parent=23252"}],"wp:term":[{"taxonomy":"product_cat","embeddable":true,"href":"https:\/\/www.sopha-sahara.com\/en\/wp-json\/wp\/v2\/product_cat?post=23252"},{"taxonomy":"product_tag","embeddable":true,"href":"https:\/\/www.sopha-sahara.com\/en\/wp-json\/wp\/v2\/product_tag?post=23252"}],"curies":[{"name":"wp","href":"https:\/\/api.w.org\/{rel}","templated":true}]}}