{"id":23251,"date":"2020-12-15T09:54:29","date_gmt":"2020-12-15T08:54:29","guid":{"rendered":"https:\/\/www.interbusinesschamber.com\/produit\/svr-topialyse-baume-intensif-anti-recidive-200ml\/"},"modified":"2020-12-29T10:56:11","modified_gmt":"2020-12-29T09:56:11","slug":"svr-topialyse-baume-intensif-anti-recidive-200ml","status":"publish","type":"product","link":"https:\/\/www.sopha-sahara.com\/en\/product\/svr-topialyse-baume-intensif-anti-recidive-200ml\/","title":{"rendered":"SVR TOPIALYSE BAUME INTENSIF ANTI-R\u00c9CIDIVE 200ML"},"content":{"rendered":"<p><strong>UTILISATION<\/strong>\u00a0<\/p>\n<p>Appliquer sur l\u2019ensemble du visage et\/ou du corps pr\u00e9alablement nettoy\u00e9 avec TOPIALYSE Cr\u00e8me Lavante, en insistant sur les zones tr\u00e8s s\u00e8ches et irrit\u00e9es.\u00a0<\/p>\n<p>A utiliser en cas de crises de d\u00e9mangeaisons, d\u2019irritations et de s\u00e9cheresses s\u00e9v\u00e8res.\u00a0<\/p>\n<p>En relais, appliquer TOPIALYSE Cr\u00e8me Emolliente.<\/p>","protected":false},"excerpt":{"rendered":"<p>Svr topialyse baume intensif anti-r\u00e9cidive Soin relipidant anti-irritations, s\u00e9cheresse et grattage s\u00e9v\u00e8res \u2013 peaux s\u00e8ches \u00e0 atopiques.\u00a0<br \/>Le 1er* baume anti-r\u00e9cidive(1) qui soulage durablement les peaux atopiques.\u00a0<\/p>\n<p>Innovation efficacit\u00e9 48H(2)\u00a0<\/p>\n<p>Pour la 1\u00e8re fois, une action anti-grattage prolong\u00e9e\u00a0<\/p>\n<p>1 seule application tous les 2 jours\u00a0<\/p>\n<p>UNE EFFICACIT\u00c9 CLINIQUEMENT PROUV\u00c9E, DES RESULTATS EXCEPTIONNELS\u00a0<\/p>\n<p>R\u00e9duction du grattage : -100%(3) apr\u00e8s 21 jours d\u2019utilisation\u00a0<\/p>\n<p>R\u00e9duction du grattage 48H apr\u00e8s arr\u00eat d\u2019utilisation du produit : -66%(3)\u00a0<\/p>","protected":false},"featured_media":23383,"template":"","meta":{"arc_restricted_post":false},"product_cat":[48,332],"product_tag":[],"_links":{"self":[{"href":"https:\/\/www.sopha-sahara.com\/en\/wp-json\/wp\/v2\/product\/23251"}],"collection":[{"href":"https:\/\/www.sopha-sahara.com\/en\/wp-json\/wp\/v2\/product"}],"about":[{"href":"https:\/\/www.sopha-sahara.com\/en\/wp-json\/wp\/v2\/types\/product"}],"wp:featuredmedia":[{"embeddable":true,"href":"https:\/\/www.sopha-sahara.com\/en\/wp-json\/wp\/v2\/media\/23383"}],"wp:attachment":[{"href":"https:\/\/www.sopha-sahara.com\/en\/wp-json\/wp\/v2\/media?parent=23251"}],"wp:term":[{"taxonomy":"product_cat","embeddable":true,"href":"https:\/\/www.sopha-sahara.com\/en\/wp-json\/wp\/v2\/product_cat?post=23251"},{"taxonomy":"product_tag","embeddable":true,"href":"https:\/\/www.sopha-sahara.com\/en\/wp-json\/wp\/v2\/product_tag?post=23251"}],"curies":[{"name":"wp","href":"https:\/\/api.w.org\/{rel}","templated":true}]}}