{"id":23250,"date":"2020-12-15T09:54:29","date_gmt":"2020-12-15T08:54:29","guid":{"rendered":"https:\/\/www.interbusinesschamber.com\/produit\/svr-serum-anti-age-renovateur-15-ml\/"},"modified":"2020-12-29T12:09:00","modified_gmt":"2020-12-29T11:09:00","slug":"svr-serum-anti-age-renovateur-15-ml","status":"publish","type":"product","link":"https:\/\/www.sopha-sahara.com\/en\/product\/svr-serum-anti-age-renovateur-15-ml\/","title":{"rendered":"SVR S\u00c9RUM ANTI-AGE R\u00c9NOVATEUR 15 ML"},"content":{"rendered":"<p><strong>Conseils d'utilisation :\u00a0<\/strong><\/p>\n<p>Appliquer matin et\/ou soir avant votre soin quotidien.<\/p>","protected":false},"excerpt":{"rendered":"<p>SVR S\u00e9rum Anti-Age R\u00e9novateur 15 ml contient de l&rsquo;acide lactique qui exfolie activement les cellules de l&rsquo;\u00e9piderme pour lisser les rides et illuminer le teint.sp\u00e9cialement con\u00e7u pour les teints irr\u00e9guliers,peaux ternes,rides, ridules\u00a0<\/p>\n<p>Le brevet technologie cellules souches prot\u00e8ge et renforce les cellules souches. Gel lact\u00e9 frais et parfum\u00e9.\u00a0<\/p>","protected":false},"featured_media":23374,"template":"","meta":{"arc_restricted_post":false},"product_cat":[48,332],"product_tag":[],"_links":{"self":[{"href":"https:\/\/www.sopha-sahara.com\/en\/wp-json\/wp\/v2\/product\/23250"}],"collection":[{"href":"https:\/\/www.sopha-sahara.com\/en\/wp-json\/wp\/v2\/product"}],"about":[{"href":"https:\/\/www.sopha-sahara.com\/en\/wp-json\/wp\/v2\/types\/product"}],"wp:featuredmedia":[{"embeddable":true,"href":"https:\/\/www.sopha-sahara.com\/en\/wp-json\/wp\/v2\/media\/23374"}],"wp:attachment":[{"href":"https:\/\/www.sopha-sahara.com\/en\/wp-json\/wp\/v2\/media?parent=23250"}],"wp:term":[{"taxonomy":"product_cat","embeddable":true,"href":"https:\/\/www.sopha-sahara.com\/en\/wp-json\/wp\/v2\/product_cat?post=23250"},{"taxonomy":"product_tag","embeddable":true,"href":"https:\/\/www.sopha-sahara.com\/en\/wp-json\/wp\/v2\/product_tag?post=23250"}],"curies":[{"name":"wp","href":"https:\/\/api.w.org\/{rel}","templated":true}]}}