{"id":23249,"date":"2020-12-15T09:54:29","date_gmt":"2020-12-15T08:54:29","guid":{"rendered":"https:\/\/www.interbusinesschamber.com\/produit\/svr-sebiaclear-active-40-ml\/"},"modified":"2020-12-29T11:32:16","modified_gmt":"2020-12-29T10:32:16","slug":"svr-sebiaclear-active-40-ml","status":"publish","type":"product","link":"https:\/\/www.sopha-sahara.com\/en\/product\/svr-sebiaclear-active-40-ml\/","title":{"rendered":"SVR SEBIACLEAR ACTIVE 40 ML"},"content":{"rendered":"","protected":false},"excerpt":{"rendered":"<p><strong>SVR Sebiaclear Active 40 ml<\/strong>\u00a0est un soin intensif pour boutons, points noirs et imperfections s\u00e9v\u00e8res sp\u00e9cialement formul\u00e9 pour les peaux sensibles \u00e0 tendance acn\u00e9ique.<\/p>\n<p>Ce soin complet effectue une action renforc\u00e9e car il permet d&rsquo;\u00e9liminer efficacement les boutons et points noirs, il corrige \u00e9galement les pores et contr\u00f4le la brillance. Les marques r\u00e9siduelles pr\u00e9sentes sur votre visage sont visiblement r\u00e9duites.<\/p>\n<p>Ce soin contient des actifs dermatologiques tels que la niacinamide qui limite la prolif\u00e9ration bact\u00e9rienne et \u00e9limine les imperfections li\u00e9es \u00e0 l&rsquo;inflammation. Il contient \u00e9galement de la Gluconolactone associ\u00e9e \u00e0 de l&rsquo;acide salicylique et un agent matifiant qui vont permettre d&rsquo;affiner le grain de peau, lib\u00e9rer les pores obstru\u00e9s, limiter la formation des imperfections et r\u00e9guler l&rsquo;exc\u00e8s de s\u00e9bum.<\/p>\n<p>Sa formule oil-free assure une action hydratante et matifiante de longue dur\u00e9e et ne laisse aucun fini gras sur la peau. Elle assure une excellente base de maquillage.<\/p>\n<p>Formul\u00e9 sans paraben.\u00a0<\/p>\n<p>Test\u00e9 sur peaux sensibles \u00e0 tendance acn\u00e9ique.<\/p>","protected":false},"featured_media":23357,"template":"","meta":{"arc_restricted_post":false},"product_cat":[48,332],"product_tag":[],"_links":{"self":[{"href":"https:\/\/www.sopha-sahara.com\/en\/wp-json\/wp\/v2\/product\/23249"}],"collection":[{"href":"https:\/\/www.sopha-sahara.com\/en\/wp-json\/wp\/v2\/product"}],"about":[{"href":"https:\/\/www.sopha-sahara.com\/en\/wp-json\/wp\/v2\/types\/product"}],"wp:featuredmedia":[{"embeddable":true,"href":"https:\/\/www.sopha-sahara.com\/en\/wp-json\/wp\/v2\/media\/23357"}],"wp:attachment":[{"href":"https:\/\/www.sopha-sahara.com\/en\/wp-json\/wp\/v2\/media?parent=23249"}],"wp:term":[{"taxonomy":"product_cat","embeddable":true,"href":"https:\/\/www.sopha-sahara.com\/en\/wp-json\/wp\/v2\/product_cat?post=23249"},{"taxonomy":"product_tag","embeddable":true,"href":"https:\/\/www.sopha-sahara.com\/en\/wp-json\/wp\/v2\/product_tag?post=23249"}],"curies":[{"name":"wp","href":"https:\/\/api.w.org\/{rel}","templated":true}]}}