{"id":23248,"date":"2020-12-15T09:54:29","date_gmt":"2020-12-15T08:54:29","guid":{"rendered":"https:\/\/www.interbusinesschamber.com\/produit\/svr-clairial-creme-10-concentree-taches-brunes-localisees-40-ml\/"},"modified":"2020-12-29T11:59:28","modified_gmt":"2020-12-29T10:59:28","slug":"svr-clairial-creme-10-concentree-taches-brunes-localisees-40-ml","status":"publish","type":"product","link":"https:\/\/www.sopha-sahara.com\/en\/product\/svr-clairial-creme-10-concentree-taches-brunes-localisees-40-ml\/","title":{"rendered":"SVR CLAIRIAL CR\u00c8ME 10+ CONCENTR\u00c9E TACHES BRUNES LOCALIS\u00c9ES 40 ML"},"content":{"rendered":"<p><strong>Conseils d'utilisation:\u00a0<\/strong><br \/>Appliquer matin et soir sur les taches brunes (visage, cou, d\u00e9collet\u00e9, dos des mains).\u00a0<br \/>R\u00e9sultats visibles \u00e0 partir de 6 semaines.<\/p>","protected":false},"excerpt":{"rendered":"<p>SVR Clairial Cr\u00e8me 10+ Concentr\u00e9e Taches Brunes localis\u00e9es avec effet whitening (blanchissant) pour les taches brunes r\u00e9sistantes (masque de grossesse, taches de photosensibilisation..). Tous les types de peaux dont peaux \u00ab\u00a0ethniques\u00a0\u00bb.\u00a0<br \/>Bas\u00e9 sur l&rsquo;association in\u00e9dite de la Vitamine C optimis\u00e9e, \u00e0 tr\u00e8s forte concentration 10% et du Lumiwhite \u00e0 8%, Clairial C10 procure un effet whitening sur la pigmentation, favorise la r\u00e9duction des taches brunes et \u00e9claircit le teint. Sa texture cr\u00e8me l\u00e9g\u00e8re permet le maquillage.\u00a0<\/p>","protected":false},"featured_media":23335,"template":"","meta":{"arc_restricted_post":false},"product_cat":[48,332],"product_tag":[],"_links":{"self":[{"href":"https:\/\/www.sopha-sahara.com\/en\/wp-json\/wp\/v2\/product\/23248"}],"collection":[{"href":"https:\/\/www.sopha-sahara.com\/en\/wp-json\/wp\/v2\/product"}],"about":[{"href":"https:\/\/www.sopha-sahara.com\/en\/wp-json\/wp\/v2\/types\/product"}],"wp:featuredmedia":[{"embeddable":true,"href":"https:\/\/www.sopha-sahara.com\/en\/wp-json\/wp\/v2\/media\/23335"}],"wp:attachment":[{"href":"https:\/\/www.sopha-sahara.com\/en\/wp-json\/wp\/v2\/media?parent=23248"}],"wp:term":[{"taxonomy":"product_cat","embeddable":true,"href":"https:\/\/www.sopha-sahara.com\/en\/wp-json\/wp\/v2\/product_cat?post=23248"},{"taxonomy":"product_tag","embeddable":true,"href":"https:\/\/www.sopha-sahara.com\/en\/wp-json\/wp\/v2\/product_tag?post=23248"}],"curies":[{"name":"wp","href":"https:\/\/api.w.org\/{rel}","templated":true}]}}