{"id":23247,"date":"2020-12-15T09:54:28","date_gmt":"2020-12-15T08:54:28","guid":{"rendered":"https:\/\/www.interbusinesschamber.com\/produit\/svr-clairial-creme-spf-50-50ml-tres-haute-protection-solaire\/"},"modified":"2020-12-29T12:01:03","modified_gmt":"2020-12-29T11:01:03","slug":"svr-clairial-creme-spf-50-50ml-tres-haute-protection-solaire","status":"publish","type":"product","link":"https:\/\/www.sopha-sahara.com\/en\/product\/svr-clairial-creme-spf-50-50ml-tres-haute-protection-solaire\/","title":{"rendered":"SVR CLAIRIAL CREME SPF 50+ 50ML TR\u00c8S HAUTE PROTECTION SOLAIRE"},"content":{"rendered":"<h4>Conseils d'utilisation :<\/h4>\n<ul>\n<li>Taches brunes existantes : Appliquer\u00a0<strong>Clairial SPF 50+ Cr\u00e8me Solaire<\/strong>\u00a0le matin en couvrant bien la surface pigment\u00e9e. Le soir appliquer votre soin d\u00e9pigmentant Clairial ou Clairial C10.<\/li>\n<\/ul>\n<ul>\n<li>Pr\u00e9vention des taches brunes : Avant de s\u2019exposer, appliquer une dose suffisante homog\u00e8ne. Renouveler fr\u00e9quemment l\u2019application.<\/li>\n<\/ul>\n<h4>Pr\u00e9cautions d'emploi :<\/h4>\n<p>Eviter le contact avec les yeux.<\/p>\n<h4>Composition indicative :<\/h4>\n<p>Aqua, ethylhexyl methoxycinnamate, C12-15 alkyl benzoate, methylene bis-benzotriazolyl tetramethylbutylphenol, octocrylene, tridecyl salicylate, butylmethoxydibenzoylmethane, polyglyceryl-3 methylglucose distearate, dicaprylyl carbonate, glycerin, titanium dioxide, cetyl dimethicone, cyclopentasiloxane, caprylic\/capric triglyceride, methylmethacrylate crosspolymer, dimethicone, bis ethylhexyloxyphenol methoxyphenyl triazine, kojic dipalmitate, undecylenoyl phenylalanine, behenyl alcohol, dimethicone PEG-7 phosphate, triethanolamine, decyl glucoside, dimethicone\/vinyl dimethicone crosspolymer, phenoxyethanol, caprylyl glycol, tocopheryl acetate, palmitoyl proline, Paraffinum liquidum, alumina, methylparaben, propylparaben, xanthan gum, stearic acid, disodium EDTA, hydroxyethyl acrylate\/sodium acryloyldimethyltaurate copolymer, magnesium palmitoyl glutamate, palmitic acid, sodium palmitoyl sarcosinate, isohexadecane, propylene glycol, silica, polysorbate 60, undecylenic acid, sorbitan isostearate, BHT, diacetyl boldine, tocopherol.<\/p>","protected":false},"excerpt":{"rendered":"<p>La\u00a0<strong>Cr\u00e8me Solaire Clairial SVR SPF 50+<\/strong>\u00a0diminue et \u00e9vite l\u2019accentuation des taches brunes existantes (masque de grossesse, taches de photosensibilisation\u2026). Pr\u00e9vient l\u2019apparition des taches brunes li\u00e9es au soleil, notamment apr\u00e8s les actes dermatologiques (peelings, lasers\u2026).<\/p>\n<p><strong>Sa formule\u00a0<\/strong>est bas\u00e9 sur l\u2019association in\u00e9dite de 2 syst\u00e8mes d\u2019actifs :<\/p>\n<ul>\n<li>Le Lumiwhite att\u00e9nue les taches brunes.<\/li>\n<\/ul>\n<ul>\n<li>Le syst\u00e8me filtrant UVA\/UVB tr\u00e8s haute protection SPF 50+ pr\u00e9vient l\u2019apparition des taches brunes et \u00e9vite l\u2019accentuation de celles d\u00e9j\u00e0 existantes.<\/li>\n<\/ul>\n<p>Sa texture cr\u00e8me s\u2019\u00e9tale facilement et permet le maquillage. Ce soin SVR est sans parfum et non com\u00e9dog\u00e8ne<\/p>","protected":false},"featured_media":23337,"template":"","meta":{"arc_restricted_post":false},"product_cat":[48,332],"product_tag":[],"_links":{"self":[{"href":"https:\/\/www.sopha-sahara.com\/en\/wp-json\/wp\/v2\/product\/23247"}],"collection":[{"href":"https:\/\/www.sopha-sahara.com\/en\/wp-json\/wp\/v2\/product"}],"about":[{"href":"https:\/\/www.sopha-sahara.com\/en\/wp-json\/wp\/v2\/types\/product"}],"wp:featuredmedia":[{"embeddable":true,"href":"https:\/\/www.sopha-sahara.com\/en\/wp-json\/wp\/v2\/media\/23337"}],"wp:attachment":[{"href":"https:\/\/www.sopha-sahara.com\/en\/wp-json\/wp\/v2\/media?parent=23247"}],"wp:term":[{"taxonomy":"product_cat","embeddable":true,"href":"https:\/\/www.sopha-sahara.com\/en\/wp-json\/wp\/v2\/product_cat?post=23247"},{"taxonomy":"product_tag","embeddable":true,"href":"https:\/\/www.sopha-sahara.com\/en\/wp-json\/wp\/v2\/product_tag?post=23247"}],"curies":[{"name":"wp","href":"https:\/\/api.w.org\/{rel}","templated":true}]}}