{"id":23246,"date":"2020-12-15T09:54:28","date_gmt":"2020-12-15T08:54:28","guid":{"rendered":"https:\/\/www.interbusinesschamber.com\/produit\/svr-topialyse-creme-barriere-50ml\/"},"modified":"2020-12-29T10:53:39","modified_gmt":"2020-12-29T09:53:39","slug":"svr-topialyse-creme-barriere-50ml","status":"publish","type":"product","link":"https:\/\/www.sopha-sahara.com\/en\/product\/svr-topialyse-creme-barriere-50ml\/","title":{"rendered":"SVR TOPIALYSE CR\u00c8ME BARRIERE 50ML"},"content":{"rendered":"<h4>CONSEILS POUR BIEN UTILISER TOPIALYSE CR\u00c8ME BARRI\u00c8RE<\/h4>\n<p>Appliquer SVR Topialyse cr\u00e8me barri\u00e8re 2 \u00e0 3 fois par jour. R\u00e9appliquer si n\u00e9cessaire. Eviter le contour des yeux. Hypoallerg\u00e9nique<\/p>","protected":false},"excerpt":{"rendered":"<h4>TOPIALYSE CR\u00c8ME BARRI\u00c8RE<\/h4>\n<p><strong>SVR Topialyse cr\u00e8me barri\u00e8re<\/strong>\u00a0est une cr\u00e8me sp\u00e9cialement formul\u00e9e pour les peaux s\u00e8ches, r\u00e9actives et irrit\u00e9es. Elle convient parfaitement aux mains et aux zones localis\u00e9es (visage, corps, plis). Sa formule contient des om\u00e9ga 3, 6, 9 c\u00e9ramides et de l&rsquo;acide hyaluronique pour prot\u00e9ger, apaiser et r\u00e9parer la peau.\u00a0<\/p>\n<p><strong>SVR Topialyse cr\u00e8me barri\u00e8re<\/strong>\u00a0offre une action anti-irritation et anti-grattage pour un soulagement imm\u00e9diat de la peau. Sa formule barri\u00e8re prot\u00e8ge la peau des agressions li\u00e9es au d\u00e9tergents. Elle convient aux adultes et aux enfant et participe \u00e0 la restauration de la barri\u00e8re cutan\u00e9e. Sa texture non grasse r\u00e9siste \u00e0 l&rsquo;eau.<\/p>","protected":false},"featured_media":23385,"template":"","meta":{"arc_restricted_post":false},"product_cat":[48,332],"product_tag":[],"_links":{"self":[{"href":"https:\/\/www.sopha-sahara.com\/en\/wp-json\/wp\/v2\/product\/23246"}],"collection":[{"href":"https:\/\/www.sopha-sahara.com\/en\/wp-json\/wp\/v2\/product"}],"about":[{"href":"https:\/\/www.sopha-sahara.com\/en\/wp-json\/wp\/v2\/types\/product"}],"wp:featuredmedia":[{"embeddable":true,"href":"https:\/\/www.sopha-sahara.com\/en\/wp-json\/wp\/v2\/media\/23385"}],"wp:attachment":[{"href":"https:\/\/www.sopha-sahara.com\/en\/wp-json\/wp\/v2\/media?parent=23246"}],"wp:term":[{"taxonomy":"product_cat","embeddable":true,"href":"https:\/\/www.sopha-sahara.com\/en\/wp-json\/wp\/v2\/product_cat?post=23246"},{"taxonomy":"product_tag","embeddable":true,"href":"https:\/\/www.sopha-sahara.com\/en\/wp-json\/wp\/v2\/product_tag?post=23246"}],"curies":[{"name":"wp","href":"https:\/\/api.w.org\/{rel}","templated":true}]}}