{"id":22908,"date":"2020-12-14T15:40:53","date_gmt":"2020-12-14T14:40:53","guid":{"rendered":"https:\/\/www.interbusinesschamber.com\/produit\/batiste-rose-gold-200-ml\/"},"modified":"2020-12-29T14:28:11","modified_gmt":"2020-12-29T13:28:11","slug":"batiste-rose-gold-200-ml","status":"publish","type":"product","link":"https:\/\/www.sopha-sahara.com\/en\/product\/batiste-rose-gold-200-ml\/","title":{"rendered":"BATISTE ROSE GOLD 200 ML"},"content":{"rendered":"","protected":false},"excerpt":{"rendered":"<p>D\u00e9couvrez le plus chic des shampooings secs Batiste : Rose Gold !<br \/>Vos cheveux broient du noir ? Offrez-leur la vie en Rose Gold !<br \/>Votre chevelure fait grise-mine ? C&rsquo;est le moment de leur offrir une cure de bonheur avec Rose Gold, le petit dernier de Batiste ! Son parfum d\u00e9licat de rose euphorisant et tellement f\u00e9minin et sa formule \u00e0 base de poudre de riz rafra\u00eechissent les cheveux en 1 instant, d\u00e9cuple le volume et donne du corps et de la tenue \u00e0 toutes vos coiffures.<\/p>\n<p>\u00c0 vous les looks de princesses : chignons boucl\u00e9s sophistiqu\u00e9s, brushings wavy hollywoodiens ou les cheveux au vent, tout est permis et tout vous r\u00e9ussit ! Son look, tout en rose poudr\u00e9 et touches dor\u00e9es, d\u00e9core imm\u00e9diatement votre salle de bain. Succombez \u00e0 la tendance Rose Gold !<\/p>\n<p>Voyez la vie en Rose Gold !<\/p>","protected":false},"featured_media":22910,"template":"","meta":{"arc_restricted_post":false},"product_cat":[330,48],"product_tag":[],"_links":{"self":[{"href":"https:\/\/www.sopha-sahara.com\/en\/wp-json\/wp\/v2\/product\/22908"}],"collection":[{"href":"https:\/\/www.sopha-sahara.com\/en\/wp-json\/wp\/v2\/product"}],"about":[{"href":"https:\/\/www.sopha-sahara.com\/en\/wp-json\/wp\/v2\/types\/product"}],"wp:featuredmedia":[{"embeddable":true,"href":"https:\/\/www.sopha-sahara.com\/en\/wp-json\/wp\/v2\/media\/22910"}],"wp:attachment":[{"href":"https:\/\/www.sopha-sahara.com\/en\/wp-json\/wp\/v2\/media?parent=22908"}],"wp:term":[{"taxonomy":"product_cat","embeddable":true,"href":"https:\/\/www.sopha-sahara.com\/en\/wp-json\/wp\/v2\/product_cat?post=22908"},{"taxonomy":"product_tag","embeddable":true,"href":"https:\/\/www.sopha-sahara.com\/en\/wp-json\/wp\/v2\/product_tag?post=22908"}],"curies":[{"name":"wp","href":"https:\/\/api.w.org\/{rel}","templated":true}]}}