{"id":22907,"date":"2020-12-14T15:40:53","date_gmt":"2020-12-14T14:40:53","guid":{"rendered":"https:\/\/www.interbusinesschamber.com\/produit\/avent-biberon-natural-260ml-achete-unidoses-bioderma-gel-moussant-et-h2o-offerts\/"},"modified":"2020-12-29T14:27:39","modified_gmt":"2020-12-29T13:27:39","slug":"avent-biberon-natural-260ml-achete-unidoses-bioderma-gel-moussant-et-h2o-offerts","status":"publish","type":"product","link":"https:\/\/www.sopha-sahara.com\/en\/product\/avent-biberon-natural-260ml-achete-unidoses-bioderma-gel-moussant-et-h2o-offerts\/","title":{"rendered":"AVENT BIBERON NATURAL 260ML ACHETE + UNIDOSES BIODERMA GEL MOUSSANT ET H2O OFFERTS"},"content":{"rendered":"","protected":false},"excerpt":{"rendered":"<p>Le biberon natural est dot\u00e9 d&rsquo;une t\u00e9tine ultra-douce dont les caract\u00e9ristiques se rapprochent plus celles du sein. Cette large t\u00e9tine imitant la forme du sein pr\u00e9sente un design flexible en spirale et des alv\u00e9oles de confort pour permettre une t\u00e9t\u00e9e naturelle et faciliter l&rsquo;alternance sein\/biberon.<\/p>\n<p>Unidoses Bioderma Gel Moussant et H2O Offerts<\/p>","protected":false},"featured_media":22909,"template":"","meta":{"arc_restricted_post":false},"product_cat":[330,48],"product_tag":[],"_links":{"self":[{"href":"https:\/\/www.sopha-sahara.com\/en\/wp-json\/wp\/v2\/product\/22907"}],"collection":[{"href":"https:\/\/www.sopha-sahara.com\/en\/wp-json\/wp\/v2\/product"}],"about":[{"href":"https:\/\/www.sopha-sahara.com\/en\/wp-json\/wp\/v2\/types\/product"}],"wp:featuredmedia":[{"embeddable":true,"href":"https:\/\/www.sopha-sahara.com\/en\/wp-json\/wp\/v2\/media\/22909"}],"wp:attachment":[{"href":"https:\/\/www.sopha-sahara.com\/en\/wp-json\/wp\/v2\/media?parent=22907"}],"wp:term":[{"taxonomy":"product_cat","embeddable":true,"href":"https:\/\/www.sopha-sahara.com\/en\/wp-json\/wp\/v2\/product_cat?post=22907"},{"taxonomy":"product_tag","embeddable":true,"href":"https:\/\/www.sopha-sahara.com\/en\/wp-json\/wp\/v2\/product_tag?post=22907"}],"curies":[{"name":"wp","href":"https:\/\/api.w.org\/{rel}","templated":true}]}}