{"id":22906,"date":"2020-12-14T15:40:53","date_gmt":"2020-12-14T14:40:53","guid":{"rendered":"https:\/\/www.interbusinesschamber.com\/produit\/bioderma-atoderm-pp-baume-200ml-emollient-ultra-nourissant\/"},"modified":"2020-12-31T10:36:53","modified_gmt":"2020-12-31T09:36:53","slug":"bioderma-atoderm-pp-baume-200ml-emollient-ultra-nourissant","status":"publish","type":"product","link":"https:\/\/www.sopha-sahara.com\/en\/product\/bioderma-atoderm-pp-baume-200ml-emollient-ultra-nourissant\/","title":{"rendered":"BIODERMA ATODERM PP BAUME 200ML EMOLLIENT ULTRA-NOURISSANT"},"content":{"rendered":"<p><strong>Conseils d'utilisation<\/strong><\/p>\n<p class=\"bodytext\">\u2022\u00a0Appliquez g\u00e9n\u00e9reusement\u00a0Atoderm PP\u00a0Baume, 1 \u00e0 2 fois par jour, sur votre peau pr\u00e9alablement nettoy\u00e9e avec\u00a0Atoderm PP\u00a0Gel moussant\u00a0ou\u00a0Atoderm\u00a0Pain surgras.<\/p>","protected":false},"excerpt":{"rendered":"<p>Le soin \u00e9mollient ultra-nourrissant r\u00e9parateur de la barri\u00e8re cutan\u00e9e des peaux sensibles tr\u00e8s s\u00e8ches \u00e0 atopiques.<\/p>\n<p>\u2022\u00a0Atoderm PP\u00a0Baume\u00a0pr\u00e9vient les s\u00e9cheresses cutan\u00e9es s\u00e9v\u00e8res et r\u00e9cidivantes.<\/p>\n<p>\u2022\u00a0Son complexe brevet\u00e9 \u00c9cod\u00e9fensine\u00ae\u00a0r\u00e9gule l\u2019\u00e9cosyst\u00e8me cutan\u00e9 et pr\u00e9serve l\u2019\u00e9quilibre biologique de la peau. Elle se d\u00e9fend mieux et de mani\u00e8re naturelle contre les agressions ext\u00e9rieures.<\/p>\n<p>\u2022\u00a0La vitamine PP et les actifs hydratants r\u00e9parent et renforcent la barri\u00e8re cutan\u00e9e.<\/p>\n<p>\u2022\u00a0Atoderm PP\u00a0Baume\u00a0calme durablement les irritations et les d\u00e9mangeaisons. Il apporte un confort d\u00e8s la premi\u00e8re application.<\/p>\n<p>\u2022\u00a0Sa texture onctueuse p\u00e9n\u00e8tre instantan\u00e9ment.<\/p>\n<p>\u2022\u00a0Atoderm PP\u00a0Baume\u00a0garantit une excellente tol\u00e9rance cutan\u00e9e.<\/p>","protected":false},"featured_media":22937,"template":"","meta":{"arc_restricted_post":false},"product_cat":[330,48],"product_tag":[],"_links":{"self":[{"href":"https:\/\/www.sopha-sahara.com\/en\/wp-json\/wp\/v2\/product\/22906"}],"collection":[{"href":"https:\/\/www.sopha-sahara.com\/en\/wp-json\/wp\/v2\/product"}],"about":[{"href":"https:\/\/www.sopha-sahara.com\/en\/wp-json\/wp\/v2\/types\/product"}],"wp:featuredmedia":[{"embeddable":true,"href":"https:\/\/www.sopha-sahara.com\/en\/wp-json\/wp\/v2\/media\/22937"}],"wp:attachment":[{"href":"https:\/\/www.sopha-sahara.com\/en\/wp-json\/wp\/v2\/media?parent=22906"}],"wp:term":[{"taxonomy":"product_cat","embeddable":true,"href":"https:\/\/www.sopha-sahara.com\/en\/wp-json\/wp\/v2\/product_cat?post=22906"},{"taxonomy":"product_tag","embeddable":true,"href":"https:\/\/www.sopha-sahara.com\/en\/wp-json\/wp\/v2\/product_tag?post=22906"}],"curies":[{"name":"wp","href":"https:\/\/api.w.org\/{rel}","templated":true}]}}