{"id":22905,"date":"2020-12-14T15:40:53","date_gmt":"2020-12-14T14:40:53","guid":{"rendered":"https:\/\/www.interbusinesschamber.com\/produit\/bioderma-cicabio-arnica-40ml\/"},"modified":"2020-12-29T15:27:43","modified_gmt":"2020-12-29T14:27:43","slug":"bioderma-cicabio-arnica-40ml","status":"publish","type":"product","link":"https:\/\/www.sopha-sahara.com\/en\/product\/bioderma-cicabio-arnica-40ml\/","title":{"rendered":"BIODERMA CICABIO ARNICA+ 40ML"},"content":{"rendered":"<p><strong>Conseils d'utilisation<\/strong><\/p>\n<div class=\"product-page-content\">\n<p class=\"bodytext\">\u2022\u00a0Choc accidentel\u00a0:<br \/>Appliquez\u00a0Cicabio\u00a0Arnica+\u00a0d\u00e8s que possible par l\u00e9gers massages sur la zone fragilis\u00e9e.<br \/>Renouvelez l\u2019application une \u00e0 deux fois par jour jusqu\u2019\u00e0 une compl\u00e8te r\u00e9paration cutan\u00e9e.<\/p>\n<p>\u2022\u00a0Intervention esth\u00e9tique\u00a0:<br \/>En pr\u00e9vention* : appliquez\u00a0Cicabio\u00a0Arnica+\u00a02 fois par jour pendant 7 jours.<br \/>En soin : appliquez\u00a0Cicabio\u00a0Arnica+\u00a02 fois par jour jusqu\u2019\u00e0 compl\u00e8te r\u00e9paration cutan\u00e9e.<\/p>\n<p>\u2022\u00a0Ne pas appliquer\u00a0Cicabio\u00a0Arnica+\u00a0chez les sujets sensibles \u00e0 l\u2019arnica, pr\u00e8s des yeux, ni sur les muqueuses et les plaies ouvertes.<\/p>\n<p>\u2022\u00a0Ne pas utiliser\u00a0Cicabio\u00a0Arnica+\u00a0avant 12 mois (nourrisson).<br \/>Pour la femme enceinte un avis m\u00e9dical est n\u00e9cessaire.<\/p>\n<p class=\"bodytext\"><strong>*Etude de\u00a0 Cicabio Arnica+ dans la pr\u00e9vention et la r\u00e9sorption des effets induits par des injections d\u2019acide hyaluronique sur 26 patients.<\/strong><\/p>\n<\/div>\n<p>Caract\u00e9ristiques\u00a0<br \/>Sans parfum.<br \/>Sans alcool. Sans colorant<br \/>Non com\u00e9dog\u00e8ne.\u00a0<br \/>Tube 40 ml.<br \/>ACL\u00a0983036.4<\/p>\n<p>Ingr\u00e9dients\u00a0<br \/>AQUA\/WATER\/EAU, GLYCERIN, DICAPRYLYL CARBONATE, CAPRYLIC\/CAPRIC TRIGLYCERIDE, PROPYLENE GLYCOL, BEHENYL ALCOHOL, CAPRYLOYL GLYCINE, CETYL PALMITATE, ARACHIDYL ALCOHOL, SODIUM ACRYLATES COPOLYMER, TITANIUM DIOXIDE (CI 77891), ARNICA MONTANA FLOWER EXTRACT, APIGENIN, ACETYL DIPEPTIDE-1 CETYL ESTER, ZINC SULFATE, MANNITOL, XYLITOL, RHAMNOSE, LAMINARIA OCHROLEUCA EXTRACT, FRUCTOOLIGOSACCHARIDES, HELIANTHUS ANNUUS (SUNFLOWER) SEED OIL, PHOSPHOLIPIDS, TOCOPHEROL, SODIUM CITRATE, ARACHIDYL GLUCOSIDE, POLYGLYCERYL-10 STEARATE, XANTHAN GUM, LAURETH-3, HYDROXYETHYLCELLULOSE, HYDROGENATED POLYISOBUTENE, BUTYLENE GLYCOL, PENTYLENE GLYCOL, SODIUM HYDROXIDE. [BI 632V1]<\/p>\n","protected":false},"excerpt":{"rendered":"<p>\u2022\u00a0En plus d&rsquo;une r\u00e9sorption naturelle et efficace,\u00a0Cicabio\u00a0Arnica+\u00a0soulage rapidement les sensations d&rsquo;inconfort\u00a0par l\u2019action biologique de l\u2019Antalgicine\u00ae*,\u00a0innovation\u00a0issue de la Recherche Avanc\u00e9e BIODERMA.<\/p>\n<p>\u2022\u00a0Sa formule exclusive associe :<br \/>&#8211; Un extrait d\u2019Arnica\u00a0et de l&rsquo;Apig\u00e9nine\u00a0qui favorisent une \u00e9limination rapide et cibl\u00e9e des pigments responsables de la coloration du bleu.<br \/>&#8211; Le\u00a0Zinc qui pr\u00e9vient la prolif\u00e9ration bact\u00e9rienne.<br \/>&#8211; La\u00a0Glyc\u00e9rine\u00a0pour maintenir une bonne hydratation\u00a0cutan\u00e9e.<\/p>\n<p>\u2022Sa texture cr\u00e8me, sans alcool, permet une p\u00e9n\u00e9tration et une absorption rapide pour un confort optimal et imm\u00e9diat.<\/p>\n<p>\u2022Excellente tol\u00e9rance. Sans parfum. Sans colorant.\u00a0Non com\u00e9dog\u00e8ne.<\/p>","protected":false},"featured_media":22942,"template":"","meta":{"arc_restricted_post":false},"product_cat":[330,48],"product_tag":[],"_links":{"self":[{"href":"https:\/\/www.sopha-sahara.com\/en\/wp-json\/wp\/v2\/product\/22905"}],"collection":[{"href":"https:\/\/www.sopha-sahara.com\/en\/wp-json\/wp\/v2\/product"}],"about":[{"href":"https:\/\/www.sopha-sahara.com\/en\/wp-json\/wp\/v2\/types\/product"}],"wp:featuredmedia":[{"embeddable":true,"href":"https:\/\/www.sopha-sahara.com\/en\/wp-json\/wp\/v2\/media\/22942"}],"wp:attachment":[{"href":"https:\/\/www.sopha-sahara.com\/en\/wp-json\/wp\/v2\/media?parent=22905"}],"wp:term":[{"taxonomy":"product_cat","embeddable":true,"href":"https:\/\/www.sopha-sahara.com\/en\/wp-json\/wp\/v2\/product_cat?post=22905"},{"taxonomy":"product_tag","embeddable":true,"href":"https:\/\/www.sopha-sahara.com\/en\/wp-json\/wp\/v2\/product_tag?post=22905"}],"curies":[{"name":"wp","href":"https:\/\/api.w.org\/{rel}","templated":true}]}}