{"id":22904,"date":"2020-12-14T15:40:52","date_gmt":"2020-12-14T14:40:52","guid":{"rendered":"https:\/\/www.interbusinesschamber.com\/produit\/bioderma-sensibio-gel-contour-des-yeux-15ml-anti-poches\/"},"modified":"2020-12-29T16:46:55","modified_gmt":"2020-12-29T15:46:55","slug":"bioderma-sensibio-gel-contour-des-yeux-15ml-anti-poches","status":"publish","type":"product","link":"https:\/\/www.sopha-sahara.com\/en\/product\/bioderma-sensibio-gel-contour-des-yeux-15ml-anti-poches\/","title":{"rendered":"BIODERMA SENSIBIO GEL CONTOUR DES YEUX 15ML ANTI-POCHES"},"content":{"rendered":"<p><strong>Conseils d'utilisation<\/strong><\/p>\n<p><strong>\u2022\u00a0<\/strong>Appliquez 1 \u00e0 2 fois par jour\u00a0<strong>Sensibio\u00a0Gel Contour des yeux<\/strong>\u00a0sur le contour des yeux.<\/p>\n<p><strong>\u2022\u00a0<\/strong>Faites p\u00e9n\u00e9trer\u00a0<strong>Sensibio\u00a0Gel Contour des yeux\u00a0<\/strong>en massant d\u00e9licatement.<\/p>","protected":false},"excerpt":{"rendered":"<p>Le soin protecteur quotidien, d\u00e9congestionnant, apaisant et hydratant du contour des yeux des peaux sensibles.<\/p>\n<p><strong>\u2022\u00a0<\/strong>Nouvelle avanc\u00e9e dans le domaine des peaux sensibles et intol\u00e9rantes, le complexe brevet\u00e9<strong>Tol\u00e9ridine<\/strong>\u00ae\u00a0agit imm\u00e9diatement et durablement contre l\u2019inflammation. Il augmente le seuil de tol\u00e9rance de la peau. Plus r\u00e9sistante, elle est ainsi mieux prot\u00e9g\u00e9e face aux agressions ext\u00e9rieures et devient donc moins r\u00e9active.\u00a0<strong>Sensibio<\/strong><strong>\u00a0Gel Contour des yeux<\/strong>\u00a0apaise donc instantan\u00e9ment les sensations d\u2019inconfort et les irritations.<\/p>\n<p><strong>\u2022\u00a0<\/strong>Les agents d\u00e9congestionnants de\u00a0<strong>Sensibio<\/strong><strong>\u00a0Gel Contour des yeux<\/strong>\u00a0aident \u00e0 r\u00e9duire les poches. Les actifs lissant estompent les ridules. Les agents hydratants am\u00e9liorent le confort cutan\u00e9.<\/p>\n<p><strong>\u2022\u00a0<\/strong>Formul\u00e9 avec des actifs rigoureusement s\u00e9lectionn\u00e9s pour leur innocuit\u00e9, sans conservateur et sans parfum,\u00a0<strong>Sensibio\u00a0Gel Contour des yeux<\/strong>\u00a0garantit une tol\u00e9rance optimale, y compris au niveau oculaire.<\/p>\n<p><strong>\u2022\u00a0<\/strong>Non com\u00e9dog\u00e8ne et hypoallerg\u00e9nique,\u00a0<strong>Sensibio\u00a0Gel Contour des yeux<\/strong>\u00a0permet le maquillage et convient aux porteurs de lentilles.<\/p>","protected":false},"featured_media":23002,"template":"","meta":{"arc_restricted_post":false},"product_cat":[330,48],"product_tag":[],"_links":{"self":[{"href":"https:\/\/www.sopha-sahara.com\/en\/wp-json\/wp\/v2\/product\/22904"}],"collection":[{"href":"https:\/\/www.sopha-sahara.com\/en\/wp-json\/wp\/v2\/product"}],"about":[{"href":"https:\/\/www.sopha-sahara.com\/en\/wp-json\/wp\/v2\/types\/product"}],"wp:featuredmedia":[{"embeddable":true,"href":"https:\/\/www.sopha-sahara.com\/en\/wp-json\/wp\/v2\/media\/23002"}],"wp:attachment":[{"href":"https:\/\/www.sopha-sahara.com\/en\/wp-json\/wp\/v2\/media?parent=22904"}],"wp:term":[{"taxonomy":"product_cat","embeddable":true,"href":"https:\/\/www.sopha-sahara.com\/en\/wp-json\/wp\/v2\/product_cat?post=22904"},{"taxonomy":"product_tag","embeddable":true,"href":"https:\/\/www.sopha-sahara.com\/en\/wp-json\/wp\/v2\/product_tag?post=22904"}],"curies":[{"name":"wp","href":"https:\/\/api.w.org\/{rel}","templated":true}]}}