{"id":22903,"date":"2020-12-14T15:40:52","date_gmt":"2020-12-14T14:40:52","guid":{"rendered":"https:\/\/www.interbusinesschamber.com\/produit\/bioderma-pigmentbio-sensitive-areas-7-soin-eclaircissant-cible-75ml\/"},"modified":"2020-12-29T16:29:09","modified_gmt":"2020-12-29T15:29:09","slug":"bioderma-pigmentbio-sensitive-areas-7-soin-eclaircissant-cible-75ml","status":"publish","type":"product","link":"https:\/\/www.sopha-sahara.com\/en\/product\/bioderma-pigmentbio-sensitive-areas-7-soin-eclaircissant-cible-75ml\/","title":{"rendered":"BIODERMA PIGMENTBIO SENSITIVE AREAS 7 SOIN \u00c9CLAIRCISSANT CIBL\u00c9 75ML"},"content":{"rendered":"","protected":false},"excerpt":{"rendered":"<p>Les premiers soins sur mesure pour les zones intimes Les coudes, les genoux, les aisselles et l\u2019aine peuvent se d\u00e9colorer au fil du temps, \u00e0 la suite de frottements r\u00e9p\u00e9t\u00e9s ou de l\u2019\u00e9pilation. Pigmentbio Sensitive Areas contient un ensemble d\u2019ingr\u00e9dients actifs destin\u00e9s \u00e0 pr\u00e9venir les rougeurs et la formation de taches sombres.\u00a0\u00bb<\/p>","protected":false},"featured_media":22984,"template":"","meta":{"arc_restricted_post":false},"product_cat":[330,48],"product_tag":[],"_links":{"self":[{"href":"https:\/\/www.sopha-sahara.com\/en\/wp-json\/wp\/v2\/product\/22903"}],"collection":[{"href":"https:\/\/www.sopha-sahara.com\/en\/wp-json\/wp\/v2\/product"}],"about":[{"href":"https:\/\/www.sopha-sahara.com\/en\/wp-json\/wp\/v2\/types\/product"}],"wp:featuredmedia":[{"embeddable":true,"href":"https:\/\/www.sopha-sahara.com\/en\/wp-json\/wp\/v2\/media\/22984"}],"wp:attachment":[{"href":"https:\/\/www.sopha-sahara.com\/en\/wp-json\/wp\/v2\/media?parent=22903"}],"wp:term":[{"taxonomy":"product_cat","embeddable":true,"href":"https:\/\/www.sopha-sahara.com\/en\/wp-json\/wp\/v2\/product_cat?post=22903"},{"taxonomy":"product_tag","embeddable":true,"href":"https:\/\/www.sopha-sahara.com\/en\/wp-json\/wp\/v2\/product_tag?post=22903"}],"curies":[{"name":"wp","href":"https:\/\/api.w.org\/{rel}","templated":true}]}}