{"id":22902,"date":"2020-12-14T15:40:52","date_gmt":"2020-12-14T14:40:52","guid":{"rendered":"https:\/\/www.interbusinesschamber.com\/produit\/bioderma-pigmentbio-night-renewer-50ml\/"},"modified":"2020-12-29T16:25:49","modified_gmt":"2020-12-29T15:25:49","slug":"bioderma-pigmentbio-night-renewer-50ml","status":"publish","type":"product","link":"https:\/\/www.sopha-sahara.com\/en\/product\/bioderma-pigmentbio-night-renewer-50ml\/","title":{"rendered":"BIODERMA PIGMENTBIO NIGHT RENEWER 50ML"},"content":{"rendered":"<p>Puisque la nuit est le meilleur moment pour r\u00e9parer la peau, Pigmentbio Night Renewer stimule le renouvellement cellulaire et\u00a0<span id=\"glossaryID3\" class=\"glossaryTerm\">la<\/span>\u00a0production de\u00a0<span id=\"glossaryID3\" class=\"glossaryTerm\">collag\u00e8ne<\/span>\u00a0pour une\u00a0peau repulp\u00e9e et \u00e9clatante\u00a0le matin.<\/p>\n<p>Pigmentbio Daily care SPF50 + est dot\u00e9 de la technologie LUMIREVEAL \u2122, inspir\u00e9e des traitements de pointe utilis\u00e9s par les dermatologues, pour corriger efficacement les taches brunes.<br \/>- Il aide \u00e0 r\u00e9duire\u00a0<span id=\"glossaryID5\" class=\"glossaryTerm\">la<\/span>\u00a0production de\u00a0<span id=\"glossaryID5\" class=\"glossaryTerm\">m\u00e9lanine<\/span><br \/>- Il limite l'inflammation pour pr\u00e9venir la formation de nouveaux boutons li\u00e9s \u00e0 des l\u00e9sions cutan\u00e9es<br \/>- Il stimule le renouvellement cellulaire pour favoriser l'\u00e9limination des points noirs install\u00e9s et unifier le teint.\u00a0<\/p>\n<p>La technologie LUMIREVEAL \u2122 est enrichie d'un cocktail de vitamines qui renforcent l'action \u00e9claircissante et prot\u00e8gent la barri\u00e8re cutan\u00e9e:\u00a0<br \/>- Les vitamines C et E prot\u00e8gent la peau de la pollution, des\u00a0<span id=\"glossaryID6\" class=\"glossaryTerm\">UVA<\/span>\u00a0\/ UVB et du stress oxydatif qui provoquent le vieillissement pr\u00e9matur\u00e9 de la peau, les premiers signes \u00e9tant des taches sombres<br \/>- VITAMIN PP renforce la barri\u00e8re cutan\u00e9e et apporte une hydratation durable \u00e0 la peau.<\/p>\n<p>De plus, le Pigmentio Night renewer contient un ingr\u00e9dient actif sp\u00e9cifique qui stimule\u00a0<span id=\"glossaryID4\" class=\"glossaryTerm\">la<\/span>\u00a0production de\u00a0<span id=\"glossaryID4\" class=\"glossaryTerm\">collag\u00e8ne<\/span>\u00a0pour am\u00e9liorer l'\u00e9lasticit\u00e9 de la peau.<\/p>\n<p>Sa texture aqueuse de masque de sommeil forme une couche protectrice qui retient l'eau et offre une action continue toute la nuit.\u00a0<\/p>\n<p>Appliquer le soir sur le visage et le cou apr\u00e8s le nettoyage avec Pigmentbio H2O ou Pigmentbio Foaming Cream.\u00a0Peut \u00eatre utilis\u00e9 seul ou apr\u00e8s le concentr\u00e9 de Pigmentbio C.<\/p>","protected":false},"excerpt":{"rendered":"<p>Puisque la nuit est le meilleur moment pour r\u00e9parer la peau, Pigmentbio Night Renewer stimule le renouvellement cellulaire et\u00a0la\u00a0production de\u00a0collag\u00e8ne\u00a0pour une\u00a0peau repulp\u00e9e et \u00e9clatante\u00a0le matin. Pigmentbio Daily care SPF50 + est dot\u00e9 de la technologie LUMIREVEAL \u2122, inspir\u00e9e des traitements&#8230;<\/p>","protected":false},"featured_media":22983,"template":"","meta":{"arc_restricted_post":false},"product_cat":[330,48],"product_tag":[],"_links":{"self":[{"href":"https:\/\/www.sopha-sahara.com\/en\/wp-json\/wp\/v2\/product\/22902"}],"collection":[{"href":"https:\/\/www.sopha-sahara.com\/en\/wp-json\/wp\/v2\/product"}],"about":[{"href":"https:\/\/www.sopha-sahara.com\/en\/wp-json\/wp\/v2\/types\/product"}],"wp:featuredmedia":[{"embeddable":true,"href":"https:\/\/www.sopha-sahara.com\/en\/wp-json\/wp\/v2\/media\/22983"}],"wp:attachment":[{"href":"https:\/\/www.sopha-sahara.com\/en\/wp-json\/wp\/v2\/media?parent=22902"}],"wp:term":[{"taxonomy":"product_cat","embeddable":true,"href":"https:\/\/www.sopha-sahara.com\/en\/wp-json\/wp\/v2\/product_cat?post=22902"},{"taxonomy":"product_tag","embeddable":true,"href":"https:\/\/www.sopha-sahara.com\/en\/wp-json\/wp\/v2\/product_tag?post=22902"}],"curies":[{"name":"wp","href":"https:\/\/api.w.org\/{rel}","templated":true}]}}