{"id":22901,"date":"2020-12-14T15:40:52","date_gmt":"2020-12-14T14:40:52","guid":{"rendered":"https:\/\/www.interbusinesschamber.com\/produit\/bioderma-pigmentbio-nettoyant-eclaircissant-200-ml\/"},"modified":"2020-12-29T16:28:44","modified_gmt":"2020-12-29T15:28:44","slug":"bioderma-pigmentbio-nettoyant-eclaircissant-200-ml","status":"publish","type":"product","link":"https:\/\/www.sopha-sahara.com\/en\/product\/bioderma-pigmentbio-nettoyant-eclaircissant-200-ml\/","title":{"rendered":"BIODERMA PIGMENTBIO NETTOYANT \u00c9CLAIRCISSANT 200 ML"},"content":{"rendered":"<p><strong>Conseils d'utilisation\u00a0<\/strong><\/p>\n<p>Appliquer sur une peau mouill\u00e9e,faire mousser,rincer abondamment.peut \u00e9galement s'utiliser en masque sur le visage 1\u00e0 2 fois par semaine appliquer en couche \u00e9paisse pendant 5 min,humidifier,faire mousser et rincer abondamment visage et corps\u00a0<\/p>","protected":false},"excerpt":{"rendered":"<p>Pigmentbio foaming cr\u00e8me moussante est un nettoyant \u00e9claircissant qui favorise la disparition des taches brunes et pr\u00e9vient leur r\u00e9apparition.Riche en AHA et en micro billes exfoliantes,IL \u00e9limine en douceur les imperfections r\u00e9v\u00e9lant l&rsquo;\u00e9clat du teint .l&rsquo;association d&rsquo;actifs brevet\u00e9e r\u00e9gule les m\u00e9canismes biologiques \u00e0 l&rsquo;origine des taches brunes .Enrechi en agents hydratants , il laisse la peau confortable.Tr\u00e8s bonne tol\u00e9rance\u00a0<\/p>","protected":false},"featured_media":22982,"template":"","meta":{"arc_restricted_post":false},"product_cat":[330,48],"product_tag":[],"_links":{"self":[{"href":"https:\/\/www.sopha-sahara.com\/en\/wp-json\/wp\/v2\/product\/22901"}],"collection":[{"href":"https:\/\/www.sopha-sahara.com\/en\/wp-json\/wp\/v2\/product"}],"about":[{"href":"https:\/\/www.sopha-sahara.com\/en\/wp-json\/wp\/v2\/types\/product"}],"wp:featuredmedia":[{"embeddable":true,"href":"https:\/\/www.sopha-sahara.com\/en\/wp-json\/wp\/v2\/media\/22982"}],"wp:attachment":[{"href":"https:\/\/www.sopha-sahara.com\/en\/wp-json\/wp\/v2\/media?parent=22901"}],"wp:term":[{"taxonomy":"product_cat","embeddable":true,"href":"https:\/\/www.sopha-sahara.com\/en\/wp-json\/wp\/v2\/product_cat?post=22901"},{"taxonomy":"product_tag","embeddable":true,"href":"https:\/\/www.sopha-sahara.com\/en\/wp-json\/wp\/v2\/product_tag?post=22901"}],"curies":[{"name":"wp","href":"https:\/\/api.w.org\/{rel}","templated":true}]}}