{"id":22900,"date":"2020-12-14T15:40:52","date_gmt":"2020-12-14T14:40:52","guid":{"rendered":"https:\/\/www.interbusinesschamber.com\/produit\/bioderma-pigmentbio-daily-care-spf-50-40ml\/"},"modified":"2020-12-31T10:45:31","modified_gmt":"2020-12-31T09:45:31","slug":"bioderma-pigmentbio-daily-care-spf-50-40ml","status":"publish","type":"product","link":"https:\/\/www.sopha-sahara.com\/en\/product\/bioderma-pigmentbio-daily-care-spf-50-40ml\/","title":{"rendered":"BIODERMA PIGMENTBIO DAILY CARE SPF 50 40ML"},"content":{"rendered":"","protected":false},"excerpt":{"rendered":"<p>Les marques et taches sombres sur notre peau sont le reflet de notre mode de vie: pollution, exposition excessive au soleil, \u00e2ge, grossesse, irritations &#8230; Elles sont caus\u00e9es par la surproduction de m\u00e9lanine qui modifie notre teint initial.\u00a0Une tr\u00e8s haute photoprotection est donc n\u00e9cessaire pour les emp\u00eacher de se former.la m\u00e9lanine\u00a0qui modifie notre teint d&rsquo;origine.\u00a0Une tr\u00e8s haute photoprotection est donc n\u00e9cessaire pour les emp\u00eacher de se former.<\/p>\n<p>Pigmentbio Daily care SPF50 + est dot\u00e9 de la technologie LUMIREVEAL \u2122, inspir\u00e9e des traitements de pointe utilis\u00e9s par les dermatologues, pour corriger efficacement les taches brunes.\u00a0Il aide \u00e0 r\u00e9duire la production de m\u00e9lanine et stimule le renouvellement cellulaire pour favoriser l&rsquo;\u00e9limination des taches brunes install\u00e9es et unifier le teint.\u00a0la\u00a0production de\u00a0m\u00e9lanine\u00a0et stimule le renouvellement cellulaire pour favoriser l&rsquo;\u00e9limination des taches brunes install\u00e9es et unifier le teint.\u00a0<\/p>\n<p>La technologie LUMIREVEAL \u2122 s\u2019enrichit d\u2019un cocktail de VITAMINES C, E et PP qui renforcent l\u2019action \u00e9claircissante et prot\u00e8gent la barri\u00e8re cutan\u00e9e:\u00a0<\/p>\n<p>&nbsp;<\/p>\n<p>Appliquez le matin sur le visage et le cou apr\u00e8s le nettoyage avec la cr\u00e8me Pigmentbio H2O ou Pigmentbio Foaming.\u00a0En cas d&rsquo;exposition prolong\u00e9e au soleil, renouvelez l&rsquo;application toutes les deux heures.<\/p>","protected":false},"featured_media":22980,"template":"","meta":{"arc_restricted_post":false},"product_cat":[330,48],"product_tag":[],"_links":{"self":[{"href":"https:\/\/www.sopha-sahara.com\/en\/wp-json\/wp\/v2\/product\/22900"}],"collection":[{"href":"https:\/\/www.sopha-sahara.com\/en\/wp-json\/wp\/v2\/product"}],"about":[{"href":"https:\/\/www.sopha-sahara.com\/en\/wp-json\/wp\/v2\/types\/product"}],"wp:featuredmedia":[{"embeddable":true,"href":"https:\/\/www.sopha-sahara.com\/en\/wp-json\/wp\/v2\/media\/22980"}],"wp:attachment":[{"href":"https:\/\/www.sopha-sahara.com\/en\/wp-json\/wp\/v2\/media?parent=22900"}],"wp:term":[{"taxonomy":"product_cat","embeddable":true,"href":"https:\/\/www.sopha-sahara.com\/en\/wp-json\/wp\/v2\/product_cat?post=22900"},{"taxonomy":"product_tag","embeddable":true,"href":"https:\/\/www.sopha-sahara.com\/en\/wp-json\/wp\/v2\/product_tag?post=22900"}],"curies":[{"name":"wp","href":"https:\/\/api.w.org\/{rel}","templated":true}]}}