{"id":22899,"date":"2020-12-14T15:40:52","date_gmt":"2020-12-14T14:40:52","guid":{"rendered":"https:\/\/www.interbusinesschamber.com\/produit\/bioderma-photoderm-spot-age-spf-50-40ml\/"},"modified":"2020-12-29T16:23:55","modified_gmt":"2020-12-29T15:23:55","slug":"bioderma-photoderm-spot-age-spf-50-40ml","status":"publish","type":"product","link":"https:\/\/www.sopha-sahara.com\/en\/product\/bioderma-photoderm-spot-age-spf-50-40ml\/","title":{"rendered":"BIODERMA PHOTODERM SPOT AGE SPF 50+ 40ML"},"content":{"rendered":"","protected":false},"excerpt":{"rendered":"<p>Antioxydant boost\u00e9 les soins solaires, r\u00e9duit les taches et les rides<\/p>\n<ul class=\"list-type-03\">\n<li>Texture gel-cr\u00e8me au toucher l\u00e9ger et sec<\/li>\n<li>Excellente base de maquillage<\/li>\n<li>Tr\u00e8s bonne tol\u00e9rance cutan\u00e9e et oculaire<\/li>\n<li>R\u00e9sistant \u00e0 l&rsquo;eau<\/li>\n<li>R\u00e9sistant \u00e0 la chaleur et \u00e0 l&rsquo;humidit\u00e9<\/li>\n<li>R\u00e9tention SPF 8 heures<\/li>\n<li>Non\u00a0<span id=\"glossaryID5\" class=\"glossaryTerm\">com\u00e9dog\u00e8ne<\/span><\/li>\n<\/ul>\n<div>\u00a0<\/div>\n<div>\n<p>Utiliser quotidiennement pour minimiser le risque de taches et de photo-vieillissement<\/p>\n<ul class=\"list-type-03\">\n<li>Appliquer seul ou apr\u00e8s la cr\u00e8me de jour.<\/li>\n<li>Appliquer uniform\u00e9ment et g\u00e9n\u00e9reusement avant l&rsquo;exposition (r\u00e9duire la quantit\u00e9 de produit r\u00e9duit le niveau de protection).<\/li>\n<\/ul>\n<p>Renouvelez l&rsquo;application fr\u00e9quemment, avant et apr\u00e8s la natation, le frottement et le sport.<\/p>\n<p>Appliquer sur une peau saine.\u00a0Utilisation du laser post-superficiel.<\/p>\n<\/div>","protected":false},"featured_media":22977,"template":"","meta":{"arc_restricted_post":false},"product_cat":[330,48],"product_tag":[],"_links":{"self":[{"href":"https:\/\/www.sopha-sahara.com\/en\/wp-json\/wp\/v2\/product\/22899"}],"collection":[{"href":"https:\/\/www.sopha-sahara.com\/en\/wp-json\/wp\/v2\/product"}],"about":[{"href":"https:\/\/www.sopha-sahara.com\/en\/wp-json\/wp\/v2\/types\/product"}],"wp:featuredmedia":[{"embeddable":true,"href":"https:\/\/www.sopha-sahara.com\/en\/wp-json\/wp\/v2\/media\/22977"}],"wp:attachment":[{"href":"https:\/\/www.sopha-sahara.com\/en\/wp-json\/wp\/v2\/media?parent=22899"}],"wp:term":[{"taxonomy":"product_cat","embeddable":true,"href":"https:\/\/www.sopha-sahara.com\/en\/wp-json\/wp\/v2\/product_cat?post=22899"},{"taxonomy":"product_tag","embeddable":true,"href":"https:\/\/www.sopha-sahara.com\/en\/wp-json\/wp\/v2\/product_tag?post=22899"}],"curies":[{"name":"wp","href":"https:\/\/api.w.org\/{rel}","templated":true}]}}