{"id":22898,"date":"2020-12-14T15:40:52","date_gmt":"2020-12-14T14:40:52","guid":{"rendered":"https:\/\/www.interbusinesschamber.com\/produit\/bioderma-hydrabio-perfecteur-soin-hydratant-spf30-peaux-sensibles-deshydratees-40ml\/"},"modified":"2020-12-29T15:44:26","modified_gmt":"2020-12-29T14:44:26","slug":"bioderma-hydrabio-perfecteur-soin-hydratant-spf30-peaux-sensibles-deshydratees-40ml","status":"publish","type":"product","link":"https:\/\/www.sopha-sahara.com\/en\/product\/bioderma-hydrabio-perfecteur-soin-hydratant-spf30-peaux-sensibles-deshydratees-40ml\/","title":{"rendered":"BIODERMA HYDRABIO PERFECTEUR SOIN HYDRATANT SPF30 PEAUX SENSIBLES DESHYDRATEES 40ML"},"content":{"rendered":"<h4>R\u00e9sultat<\/h4>\n<ul class=\"list-type-03\">\n<li>Le grain de peau para\u00eet imm\u00e9diatement plus lisse, le teint visiblement unifi\u00e9, lumineux et \u00e9clatant.<\/li>\n<li>\n<p>G\u00e9n\u00e9rateur d'hydratation<br \/>Le complexe biologique brevet\u00e9\u00a0<strong>Aquagenium<sup>\u2122<\/sup><\/strong>\u00a0est un r\u00e9el g\u00e9n\u00e9rateur d\u2019hydratation, imm\u00e9diat et durable :<\/p>\n<ul class=\"list-type-03\">\n<li>La Vitamine PP renforce la r\u00e9sistance de la peau et son imperm\u00e9abilit\u00e9.\u00a0<\/li>\n<li>L\u2019extrait de p\u00e9pin de pomme stimule l'expression des \"Aquaporines\", r\u00e9els canaux naturels permettant la circulation de l'eau dans la peau.<\/li>\n<\/ul>\n<p>Gr\u00e2ce \u00e0 une \u00e9mulsion inspir\u00e9e de la structure de l\u2019<span id=\"glossaryID6\" class=\"glossaryTerm\">\u00e9piderme<\/span>, les actifs du brevet\u00a0<strong>Aquagenium<sup>\u2122<\/sup><\/strong>\u00a0p\u00e9n\u00e8trent profond\u00e9ment et de fa\u00e7on cibl\u00e9e au c\u0153ur de celui-ci.\u00a0La peau retrouve ainsi ses capacit\u00e9s naturelles d\u2019hydratation pour un \u00e9clat intense. Durablement.<\/p>\n<p>Prot\u00e8ge des UV et des\u00a0<span id=\"glossaryID1\" class=\"glossaryTerm\">radicaux libres\u00a0<\/span>et pr\u00e9vient le vieillissement cutan\u00e9<br \/>Pour \u00e9viter que les UV, pr\u00e9sents en permanence et au quotidien, m\u00eame lorsque le soleil ne l'est pas, ne contribuent \u00e0 vieillir\u00a0 la peau, ce soin perfecteur SPF30 - haute protection dispose de filtres\u00a0<span id=\"glossaryID8\" class=\"glossaryTerm\">UVA<\/span>\/<span id=\"glossaryID7\" class=\"glossaryTerm\">UVB\u00a0<\/span>. La vitamine E contribue \u00e0 prot\u00e9ger la peau du\u00a0<span id=\"glossaryID3\" class=\"glossaryTerm\">stress oxydatif<\/span>, des\u00a0<span id=\"glossaryID2\" class=\"glossaryTerm\">radicaux libres\u00a0<\/span>et \u00e0 pr\u00e9venir le vieillissement cutan\u00e9.<\/p>\n<p>Illumine le teint<br \/>Mixant poudre soft focus<sup>*<\/sup>\u00a0et nacres, son action imm\u00e9diate comble les micro-ridules et floute les petits d\u00e9fauts.\u00a0 Il donne \u00e0 la peau un coup d\u2019\u00e9clat instantan\u00e9 qui s\u2019intensifie de jour en jour. Sa texture d\u00e9licate et fondante laisse la peau lisse, soyeuse et rayonnante. Un effet peau parfaite\u00a0 id\u00e9al pour les femmes qui se maquillent peu ou pas.<\/p>\n<\/li>\n<li>\n<p>Lisse le grain de peau<\/p>\n<p>En \u00e9liminant les cellules mortes, et en r\u00e9duisant progressivement l'\u00e9paisseur de la\u00a0<span id=\"glossaryID4\" class=\"glossaryTerm\">couche corn\u00e9e<\/span>,\u00a0 l'acide salicylique \u00e9galise et lisse la surface de la peau, qui gagne ainsi durablement en \u00e9clat.<\/p>\n<\/li>\n<li>\n<h4 class=\"title-type-01\">CONSEILS\u00a0D'UTILISATION<\/h4>\n<div class=\"content\">\n<ul class=\"list-type-03\">\n<li>Appliquez le matin sur votre visage et votre cou nettoy\u00e9s avec\u00a0 HYDRABIO H2O ou HYDRABIO LAIT et tonifi\u00e9s avec\u00a0 HYDRABIOTONIQUE.<\/li>\n<\/ul>\n<\/div>\n<\/li>\n<\/ul>","protected":false},"excerpt":{"rendered":"<p>Soin complet \u00e0 effet \u00ab\u00a0peau parfaite\u00a0\u00bb<\/p>\n<ul class=\"list-type-03\">\n<li>Hydrate intens\u00e9ment et durablement<\/li>\n<li>Pr\u00e9vient le vieillissement cutan\u00e9, et anti-UV<\/li>\n<li>Floute les imperfections et les micro-ridules<\/li>\n<li>Lisse le grain de peau<\/li>\n<li>Booste l&rsquo;\u00e9clat de la peau\u00a0<\/li>\n<\/ul>","protected":false},"featured_media":22954,"template":"","meta":{"arc_restricted_post":false},"product_cat":[330,48],"product_tag":[],"_links":{"self":[{"href":"https:\/\/www.sopha-sahara.com\/en\/wp-json\/wp\/v2\/product\/22898"}],"collection":[{"href":"https:\/\/www.sopha-sahara.com\/en\/wp-json\/wp\/v2\/product"}],"about":[{"href":"https:\/\/www.sopha-sahara.com\/en\/wp-json\/wp\/v2\/types\/product"}],"wp:featuredmedia":[{"embeddable":true,"href":"https:\/\/www.sopha-sahara.com\/en\/wp-json\/wp\/v2\/media\/22954"}],"wp:attachment":[{"href":"https:\/\/www.sopha-sahara.com\/en\/wp-json\/wp\/v2\/media?parent=22898"}],"wp:term":[{"taxonomy":"product_cat","embeddable":true,"href":"https:\/\/www.sopha-sahara.com\/en\/wp-json\/wp\/v2\/product_cat?post=22898"},{"taxonomy":"product_tag","embeddable":true,"href":"https:\/\/www.sopha-sahara.com\/en\/wp-json\/wp\/v2\/product_tag?post=22898"}],"curies":[{"name":"wp","href":"https:\/\/api.w.org\/{rel}","templated":true}]}}