{"id":22897,"date":"2020-12-14T15:40:49","date_gmt":"2020-12-14T14:40:49","guid":{"rendered":"https:\/\/www.interbusinesschamber.com\/produit\/bioderma-photoderm-nude-touch-spf-50-teinte-claire\/"},"modified":"2020-12-29T16:20:09","modified_gmt":"2020-12-29T15:20:09","slug":"bioderma-photoderm-nude-touch-spf-50-teinte-claire","status":"publish","type":"product","link":"https:\/\/www.sopha-sahara.com\/en\/product\/bioderma-photoderm-nude-touch-spf-50-teinte-claire\/","title":{"rendered":"BIODERMA PHOTODERM NUDE TOUCH SPF 50+ TEINTE CLAIRE"},"content":{"rendered":"<p>Formule avec filtres 100% min\u00e9raux, \u00e0 la technologie \u00e9volutive Liquid-to-powder*en 3 temps :<\/p>\n<ul class=\"list-type-03\">\n<li>d\u00e8s l'application, les agents volatils s'\u00e9vaporent pour donner \u00e0 la formule toute sa l\u00e9g\u00e8ret\u00e9.<\/li>\n<li>l'application soyeuse permet une dispersion homog\u00e8ne des pigments et des filtres \u00e0 la surface de la peau pour un teint unifi\u00e9 et parfaitement prot\u00e9g\u00e9.<\/li>\n<li>les agents hydratants p\u00e9n\u00e8trent dans les couches superficielles de la peau pour laisser place \u00e0 un fini poudr\u00e9 et mat.<\/li>\n<\/ul>\n<p>Efficacit\u00e9 imm\u00e9diate peau mate &amp; anti-imperfections<\/p>\n<ul class=\"list-type-03\">\n<li>Poudres matifiantes et soft-focus pour une action anti-brillance.<\/li>\n<li>L'acide salicylique lisse le grain de peau\u00a0<sup>2<\/sup>\u00a0et booste l\u2019\u00e9clat du teint\u00a0<sup>3<\/sup>.<\/li>\n<\/ul>\n<p>Action anti-imperfections longue dur\u00e9e<\/p>\n<p>Le brevet Fluidactiv\u2122 associ\u00e9 au Capryloyl Glycine r\u00e9gule la quantit\u00e9 et la qualit\u00e9 de s\u00e9bum produite jour apr\u00e8s jour et pr\u00e9viennent ainsi l'apparition d'imperfections\u00a0<sup>4,<\/sup><sup>5<\/sup>.<\/p>\n<p>&nbsp;<\/p>\n<p>*Technologie \u00e9volutive liquide en poudre<\/p>","protected":false},"excerpt":{"rendered":"<ul class=\"list-type-03\">\n<li>Peaux mixtes \u00e0 grasses.<\/li>\n<li>Peaux sujettes \u00e0 la brillance dans la journ\u00e9e.<\/li>\n<li>Adultes et enfants \u00e0 partir de 10 ans<\/li>\n<li>\n<p>L&rsquo;association de filtres min\u00e9raux\u00a0<span id=\"glossaryID5\" class=\"glossaryTerm\">UVA<\/span>\/<span id=\"glossaryID2\" class=\"glossaryTerm\">UVB\u00a0<\/span>et le brevet Bioprotection\u2122 cellulaire, prot\u00e8gent la peau contre les m\u00e9faits des UVs imm\u00e9diatement et durablement\u00a0<sup>1<\/sup>.<br \/>La Bioprotection\u2122 cellulaire active les d\u00e9fenses naturelles de la peau, prot\u00e8ge les cellules et lutte contre le vieillissement cutan\u00e9 pr\u00e9matur\u00e9<sup>1<\/sup>.<\/p>\n<\/li>\n<\/ul>","protected":false},"featured_media":22973,"template":"","meta":{"arc_restricted_post":false},"product_cat":[330,48],"product_tag":[],"_links":{"self":[{"href":"https:\/\/www.sopha-sahara.com\/en\/wp-json\/wp\/v2\/product\/22897"}],"collection":[{"href":"https:\/\/www.sopha-sahara.com\/en\/wp-json\/wp\/v2\/product"}],"about":[{"href":"https:\/\/www.sopha-sahara.com\/en\/wp-json\/wp\/v2\/types\/product"}],"wp:featuredmedia":[{"embeddable":true,"href":"https:\/\/www.sopha-sahara.com\/en\/wp-json\/wp\/v2\/media\/22973"}],"wp:attachment":[{"href":"https:\/\/www.sopha-sahara.com\/en\/wp-json\/wp\/v2\/media?parent=22897"}],"wp:term":[{"taxonomy":"product_cat","embeddable":true,"href":"https:\/\/www.sopha-sahara.com\/en\/wp-json\/wp\/v2\/product_cat?post=22897"},{"taxonomy":"product_tag","embeddable":true,"href":"https:\/\/www.sopha-sahara.com\/en\/wp-json\/wp\/v2\/product_tag?post=22897"}],"curies":[{"name":"wp","href":"https:\/\/api.w.org\/{rel}","templated":true}]}}