{"id":22894,"date":"2020-12-14T15:40:49","date_gmt":"2020-12-14T14:40:49","guid":{"rendered":"https:\/\/www.interbusinesschamber.com\/produit\/bioderma-sensibio-gel-moussant-nettoyant-douceur-peaux-sensibles-200-ml\/"},"modified":"2020-12-29T16:45:42","modified_gmt":"2020-12-29T15:45:42","slug":"bioderma-sensibio-gel-moussant-nettoyant-douceur-peaux-sensibles-200-ml","status":"publish","type":"product","link":"https:\/\/www.sopha-sahara.com\/en\/product\/bioderma-sensibio-gel-moussant-nettoyant-douceur-peaux-sensibles-200-ml\/","title":{"rendered":"BIODERMA SENSIBIO GEL MOUSSANT NETTOYANT DOUCEUR PEAUX SENSIBLES 200 ML"},"content":{"rendered":"<p><strong>CONSEILS D'UTILISATION :<\/strong><\/p>\n<ul>\n<li>Appliquer sur peau mouill\u00e9e.<\/li>\n<li>Faire mousser\u00a0puis rincer abondamment.<\/li>\n<li>S\u00e9cher d\u00e9licatement.<\/li>\n<li>S\u2019utilise matin et\/ou soir.<\/li>\n<\/ul>","protected":false},"excerpt":{"rendered":"<ul>\n<li>Le complexe exclusif DAF est une association d&rsquo;actifs qui permet de renforcer le seuil de tol\u00e9rance de toutes les peaux sensibles.<\/li>\n<li>Enrichi en Coco Glucoside\/Glyc\u00e9ryl Ol\u00e9ate: principe actif biomim\u00e9tique, Sensibio Gel Moussant a des propri\u00e9t\u00e9s relipidantes et hydratantes.\u00a0<\/li>\n<\/ul>\n<p>&nbsp;<\/p>","protected":false},"featured_media":23003,"template":"","meta":{"arc_restricted_post":false},"product_cat":[330,48],"product_tag":[],"_links":{"self":[{"href":"https:\/\/www.sopha-sahara.com\/en\/wp-json\/wp\/v2\/product\/22894"}],"collection":[{"href":"https:\/\/www.sopha-sahara.com\/en\/wp-json\/wp\/v2\/product"}],"about":[{"href":"https:\/\/www.sopha-sahara.com\/en\/wp-json\/wp\/v2\/types\/product"}],"wp:featuredmedia":[{"embeddable":true,"href":"https:\/\/www.sopha-sahara.com\/en\/wp-json\/wp\/v2\/media\/23003"}],"wp:attachment":[{"href":"https:\/\/www.sopha-sahara.com\/en\/wp-json\/wp\/v2\/media?parent=22894"}],"wp:term":[{"taxonomy":"product_cat","embeddable":true,"href":"https:\/\/www.sopha-sahara.com\/en\/wp-json\/wp\/v2\/product_cat?post=22894"},{"taxonomy":"product_tag","embeddable":true,"href":"https:\/\/www.sopha-sahara.com\/en\/wp-json\/wp\/v2\/product_tag?post=22894"}],"curies":[{"name":"wp","href":"https:\/\/api.w.org\/{rel}","templated":true}]}}