{"id":22893,"date":"2020-12-14T15:40:49","date_gmt":"2020-12-14T14:40:49","guid":{"rendered":"https:\/\/www.interbusinesschamber.com\/produit\/bioderma-sebium-h2o-pompe-inverse-500ml\/"},"modified":"2020-12-29T16:34:25","modified_gmt":"2020-12-29T15:34:25","slug":"bioderma-sebium-h2o-pompe-inverse-500ml","status":"publish","type":"product","link":"https:\/\/www.sopha-sahara.com\/en\/product\/bioderma-sebium-h2o-pompe-inverse-500ml\/","title":{"rendered":"BIODERMA SEBIUM H2O POMPE INVERSE 500ML"},"content":{"rendered":"","protected":false},"excerpt":{"rendered":"<ul class=\"list-type-03\">\n<li>S\u00e9bium H2O est la 1re eau micellaire d\u00e9maquillante sp\u00e9cifique des peaux mixtes ou grasses, qui mime la composition naturelle de la peau pour un d\u00e9maquillage parfait et un respect absolu des peaux les plus sensibles, et qui gr\u00e2ce au complexe s\u00e9bo-correcteur brevet\u00e9 Fluidactiv<sup>\u2122<\/sup>\u00a0normalise biologiquement la qualit\u00e9 du s\u00e9bum pour \u00e9viter l&rsquo;obstruction des pores et rendre la peau nette.<\/li>\n<li>Enrichi en actifs purifiants, gluconate de zinc et sulfate de cuivre, S\u00e9bium H2O assainit l\u2019\u00e9piderme et limite la s\u00e9cr\u00e9tion s\u00e9bac\u00e9e.<\/li>\n<\/ul>","protected":false},"featured_media":22991,"template":"","meta":{"arc_restricted_post":false},"product_cat":[330,48],"product_tag":[],"_links":{"self":[{"href":"https:\/\/www.sopha-sahara.com\/en\/wp-json\/wp\/v2\/product\/22893"}],"collection":[{"href":"https:\/\/www.sopha-sahara.com\/en\/wp-json\/wp\/v2\/product"}],"about":[{"href":"https:\/\/www.sopha-sahara.com\/en\/wp-json\/wp\/v2\/types\/product"}],"wp:featuredmedia":[{"embeddable":true,"href":"https:\/\/www.sopha-sahara.com\/en\/wp-json\/wp\/v2\/media\/22991"}],"wp:attachment":[{"href":"https:\/\/www.sopha-sahara.com\/en\/wp-json\/wp\/v2\/media?parent=22893"}],"wp:term":[{"taxonomy":"product_cat","embeddable":true,"href":"https:\/\/www.sopha-sahara.com\/en\/wp-json\/wp\/v2\/product_cat?post=22893"},{"taxonomy":"product_tag","embeddable":true,"href":"https:\/\/www.sopha-sahara.com\/en\/wp-json\/wp\/v2\/product_tag?post=22893"}],"curies":[{"name":"wp","href":"https:\/\/api.w.org\/{rel}","templated":true}]}}