{"id":22891,"date":"2020-12-14T15:40:48","date_gmt":"2020-12-14T14:40:48","guid":{"rendered":"https:\/\/www.interbusinesschamber.com\/produit\/bioderma-abcderm-babysquam-croutes-de-lait-40ml\/"},"modified":"2020-12-29T14:29:08","modified_gmt":"2020-12-29T13:29:08","slug":"bioderma-abcderm-babysquam-croutes-de-lait-40ml","status":"publish","type":"product","link":"https:\/\/www.sopha-sahara.com\/en\/product\/bioderma-abcderm-babysquam-croutes-de-lait-40ml\/","title":{"rendered":"BIODERMA ABCDERM BABYSQUAM CROUTES DE LAIT 40ML"},"content":{"rendered":"<h4 class=\"title-type-01\">CONSEILS\u00a0D'UTILISATION<\/h4>\n<div class=\"content\">\n<p>1 fois par jour - 7 jours\/7<\/p>\n<ul class=\"list-type-03\">\n<li>Appliquez ABCDerm Babysquam sur les cro\u00fbtes de lait (cuir chevelu, sourcils et\/ou derri\u00e8re les oreilles) en massant l\u00e9g\u00e8rement (la canule facilite l'application).<\/li>\n<li>Laissez agir ABCDerm Babysquam 1\/2 heure puis faites un shampooing doux (id\u00e9alement avec ABCDerm Moussant, nettoyant doux visage, corps, cheveux).<\/li>\n<\/ul>\n<\/div>","protected":false},"excerpt":{"rendered":"<p>ABCDerm Babysquam est d\u00e9velopp\u00e9 selon la charte de formulation ABCDerm, haute s\u00e9curit\u00e9 et haute tol\u00e9rance.<br \/>Ce soin sp\u00e9cifique des cro\u00fbtes de lait \u00e9limine efficacement ces\u00a0<span id=\"glossaryID2\" class=\"glossaryTerm\">squames<\/span>\u00a0gr\u00e2ce \u00e0 un duo in\u00e9dit d&rsquo;actifs k\u00e9ratolytiques (l&rsquo;arabinogalactan et des esters d\u2019acide lactique).<br \/>Il hydrate et nourrit la peau gr\u00e2ce \u00e0 l&rsquo;action \u00e9molliente d&rsquo;agents hydratants intense comme le beurre de karit\u00e9 et la glyc\u00e9rine.<\/p>","protected":false},"featured_media":22911,"template":"","meta":{"arc_restricted_post":false},"product_cat":[330,48],"product_tag":[],"_links":{"self":[{"href":"https:\/\/www.sopha-sahara.com\/en\/wp-json\/wp\/v2\/product\/22891"}],"collection":[{"href":"https:\/\/www.sopha-sahara.com\/en\/wp-json\/wp\/v2\/product"}],"about":[{"href":"https:\/\/www.sopha-sahara.com\/en\/wp-json\/wp\/v2\/types\/product"}],"wp:featuredmedia":[{"embeddable":true,"href":"https:\/\/www.sopha-sahara.com\/en\/wp-json\/wp\/v2\/media\/22911"}],"wp:attachment":[{"href":"https:\/\/www.sopha-sahara.com\/en\/wp-json\/wp\/v2\/media?parent=22891"}],"wp:term":[{"taxonomy":"product_cat","embeddable":true,"href":"https:\/\/www.sopha-sahara.com\/en\/wp-json\/wp\/v2\/product_cat?post=22891"},{"taxonomy":"product_tag","embeddable":true,"href":"https:\/\/www.sopha-sahara.com\/en\/wp-json\/wp\/v2\/product_tag?post=22891"}],"curies":[{"name":"wp","href":"https:\/\/api.w.org\/{rel}","templated":true}]}}