{"id":22890,"date":"2020-12-14T15:40:48","date_gmt":"2020-12-14T14:40:48","guid":{"rendered":"https:\/\/www.interbusinesschamber.com\/produit\/bioderma-abcderm-lait-de-toilette-sans-rincage-500-ml\/"},"modified":"2020-12-29T14:42:18","modified_gmt":"2020-12-29T13:42:18","slug":"bioderma-abcderm-lait-de-toilette-sans-rincage-500-ml","status":"publish","type":"product","link":"https:\/\/www.sopha-sahara.com\/en\/product\/bioderma-abcderm-lait-de-toilette-sans-rincage-500-ml\/","title":{"rendered":"BIODERMA ABCDERM LAIT DE TOILETTE SANS RIN\u00c7AGE 500 ML"},"content":{"rendered":"<p><strong>CONSEILS D'UTILISATION\u00a0:\u00a0<\/strong><\/p>\n<p>Appliquer ABCDerm Lait de toilette sur un coton et nettoyer d\u00e9licatement la peau de votre enfant.\u00a0Convient d\u00e8s la naissance, hors nourrissons pr\u00e9matur\u00e9s. Pour des raisons d'hygi\u00e8ne, nous vous recommandons de bien fermer le produit apr\u00e8s utilisation.\u00a0<\/p>","protected":false},"excerpt":{"rendered":"<p>Ce lait onctueux tr\u00e8s doux \u00e9limine les salissures tout en apportant un confort imm\u00e9diat et laissant la peau parfaitement hydrat\u00e9e.\u00a0ABCDerm Lait de toilette garantit une parfaite tol\u00e9rance cutan\u00e9e et oculaire; il ne pique pas les yeux.\u00a0Tr\u00e8s agr\u00e9able d&rsquo;utilisation, ABCDerm Lait de toilette peut s&rsquo;utiliser quotidiennement.\u00a0<br \/>Caract\u00e9ristiques Formul\u00e9 selon l&rsquo;engagement de s\u00e9curit\u00e9 dermatologique ABCDerm Hypoallerg\u00e9nique Bonne tol\u00e9rance cutan\u00e9e et oculaire Test\u00e9 sous contr\u00f4le dermatologique et ophtalmologique Sans paraben Formule parfum\u00e9e<\/p>","protected":false},"featured_media":22922,"template":"","meta":{"arc_restricted_post":false},"product_cat":[330,48],"product_tag":[],"_links":{"self":[{"href":"https:\/\/www.sopha-sahara.com\/en\/wp-json\/wp\/v2\/product\/22890"}],"collection":[{"href":"https:\/\/www.sopha-sahara.com\/en\/wp-json\/wp\/v2\/product"}],"about":[{"href":"https:\/\/www.sopha-sahara.com\/en\/wp-json\/wp\/v2\/types\/product"}],"wp:featuredmedia":[{"embeddable":true,"href":"https:\/\/www.sopha-sahara.com\/en\/wp-json\/wp\/v2\/media\/22922"}],"wp:attachment":[{"href":"https:\/\/www.sopha-sahara.com\/en\/wp-json\/wp\/v2\/media?parent=22890"}],"wp:term":[{"taxonomy":"product_cat","embeddable":true,"href":"https:\/\/www.sopha-sahara.com\/en\/wp-json\/wp\/v2\/product_cat?post=22890"},{"taxonomy":"product_tag","embeddable":true,"href":"https:\/\/www.sopha-sahara.com\/en\/wp-json\/wp\/v2\/product_tag?post=22890"}],"curies":[{"name":"wp","href":"https:\/\/api.w.org\/{rel}","templated":true}]}}