{"id":22889,"date":"2020-12-14T15:40:48","date_gmt":"2020-12-14T14:40:48","guid":{"rendered":"https:\/\/www.interbusinesschamber.com\/produit\/bioderma-photoderm-max-spf-50-aquafluide-tres-haute-protection-40-ml\/"},"modified":"2020-12-29T16:15:47","modified_gmt":"2020-12-29T15:15:47","slug":"bioderma-photoderm-max-spf-50-aquafluide-tres-haute-protection-40-ml","status":"publish","type":"product","link":"https:\/\/www.sopha-sahara.com\/en\/product\/bioderma-photoderm-max-spf-50-aquafluide-tres-haute-protection-40-ml\/","title":{"rendered":"BIODERMA PHOTODERM MAX SPF 50+ AQUAFLUIDE TR\u00c9S HAUTE PROTECTION 40 ML"},"content":{"rendered":"<p><strong>Bienfaits :<\/strong><\/p>\n<ul>\n<li>Plaisir et facilit\u00e9 d'application gr\u00e2ce \u00e0 une texture fluide et l\u00e9g\u00e8re comme de l'eau<\/li>\n<li>Une tr\u00e8s haute protection quotidienne anti-brillance, au fini toucher sec,\u00a0 id\u00e9ale pour tous les types de peau m\u00eame mixtes \u00e0 grasses<\/li>\n<li>Formule oil free*<\/li>\n<\/ul>\n<p><strong>CONSEILS D'UTILISATION :<\/strong><\/p>\n<p>Plusieurs fois \/ jour - Pendant la p\u00e9riode d'exposition au soleil<\/p>\n<ul>\n<li>Appliquer avant l\u2019exposition uniform\u00e9ment et g\u00e9n\u00e9reusement (une quantit\u00e9 r\u00e9duite de produit diminue le niveau de protection solaire).<\/li>\n<li>Renouveler fr\u00e9quemment l\u2019application avant et apr\u00e8s chaque bain, frottement ou activit\u00e9 sportive.<\/li>\n<\/ul>\n<p>Ne pas exposer les b\u00e9b\u00e9s et les jeunes enfants au soleil. L\u2019abus de soleil est nuisible \u00e0 la sant\u00e9.<\/p>","protected":false},"excerpt":{"rendered":"<ul>\n<li>Une prouesse technologique unique permettant d&rsquo;allier fluidit\u00e9 extr\u00eame, fini toucher sec et tr\u00e8s haute protection<\/li>\n<li>L&rsquo;association exclusive de filtres dermatologiques\u00a0UVA\/UVB\u00a0et le brevet bioprotection\u00ae\u00a0cellulaire, offrent une protection optimale contre les m\u00e9faits des UVs ainsi qu&rsquo;une v\u00e9ritable protection biologique interne<\/li>\n<li>La bioprotection\u00ae\u00a0cellulaire active les d\u00e9fenses naturelles de la peau, prot\u00e8ge les cellules et lutte contre le vieillissement cutan\u00e9 pr\u00e9matur\u00e9<\/li>\n<li>Association synergique de 3 poudres permettant un fini toucher sec matifiant<\/li>\n<\/ul>","protected":false},"featured_media":22967,"template":"","meta":{"arc_restricted_post":false},"product_cat":[330,48],"product_tag":[],"_links":{"self":[{"href":"https:\/\/www.sopha-sahara.com\/en\/wp-json\/wp\/v2\/product\/22889"}],"collection":[{"href":"https:\/\/www.sopha-sahara.com\/en\/wp-json\/wp\/v2\/product"}],"about":[{"href":"https:\/\/www.sopha-sahara.com\/en\/wp-json\/wp\/v2\/types\/product"}],"wp:featuredmedia":[{"embeddable":true,"href":"https:\/\/www.sopha-sahara.com\/en\/wp-json\/wp\/v2\/media\/22967"}],"wp:attachment":[{"href":"https:\/\/www.sopha-sahara.com\/en\/wp-json\/wp\/v2\/media?parent=22889"}],"wp:term":[{"taxonomy":"product_cat","embeddable":true,"href":"https:\/\/www.sopha-sahara.com\/en\/wp-json\/wp\/v2\/product_cat?post=22889"},{"taxonomy":"product_tag","embeddable":true,"href":"https:\/\/www.sopha-sahara.com\/en\/wp-json\/wp\/v2\/product_tag?post=22889"}],"curies":[{"name":"wp","href":"https:\/\/api.w.org\/{rel}","templated":true}]}}