{"id":22888,"date":"2020-12-14T15:40:48","date_gmt":"2020-12-14T14:40:48","guid":{"rendered":"https:\/\/www.interbusinesschamber.com\/produit\/bioderma-cicabio-spf50-30ml\/"},"modified":"2020-12-29T15:31:37","modified_gmt":"2020-12-29T14:31:37","slug":"bioderma-cicabio-spf50-30ml","status":"publish","type":"product","link":"https:\/\/www.sopha-sahara.com\/en\/product\/bioderma-cicabio-spf50-30ml\/","title":{"rendered":"BIODERMA CICABIO SPF50+ 30ML"},"content":{"rendered":"<h4 class=\"title-type-01\">CONSEILS\u00a0D'UTILISATION<\/h4>\n<div class=\"content\">\n<ul class=\"list-type-03\">\n<li>Appliquez Cicabio SPF 50+ sur la zone concern\u00e9e.<\/li>\n<li>Utilisez jusqu'\u00e0 compl\u00e8te r\u00e9paration.<\/li>\n<li>En cas d'exposition, renouvelez frequemment l'application.<\/li>\n<li>Evitez le contour des yeux. En cas d'irritations persistantes, consultez votre m\u00e9decin.\u00a0<\/li>\n<li>N'appliquez pas sur des plaies, des br\u00fblure dues \u00e0 une exposition excessive.\u00a0<\/li>\n<\/ul>\n<p>N'exposez pas les b\u00e9b\u00e9s et les jeunes enfants au soleil.<\/p>\n<p>L'abus de soleil est nuisible \u00e0 la sant\u00e9.<\/p>\n<\/div>","protected":false},"excerpt":{"rendered":"<p>Cicabio SPF 50+ favorise la r\u00e9paration cutan\u00e9e des peaux ab\u00eem\u00e9es expos\u00e9es au soleil en agissant sur chaque \u00e9tape du processus biologique de la reconstruction \u00e9pidermique et en limitant le risque d&rsquo;hyperpigmentation post-cicatricielle (tache brune).<\/p>\n<ul class=\"list-type-03\">\n<li>L&rsquo;association synergique de r\u00e9sveratrol, de cuivre et centella asiatica favorise une restauration \u00e9pidermique de qualit\u00e9.<\/li>\n<li>La tr\u00e8s haute protection SPF 50+ limite le risque d&rsquo;hyperpigmentation.<\/li>\n<li>Les agents antibact\u00e9riens (cuivre-zinc) assainissent l&rsquo;<span id=\"glossaryID6\" class=\"glossaryTerm\">\u00e9piderme<\/span>.<\/li>\n<li>L&rsquo;Antalgicine<sup>\u00ae<\/sup>\u00a0soulage rapidement la sensation d\u2019inconfort et r\u00e9duit l\u2019incitation au grattage<sup>*<\/sup>.<\/li>\n<li>Sa texture hydratante et protectrice \u00e0 base d&rsquo;acide hyaluronique est non grasse, non collante pour un v\u00e9ritable confort cutan\u00e9.<\/li>\n<\/ul>","protected":false},"featured_media":22945,"template":"","meta":{"arc_restricted_post":false},"product_cat":[330,48],"product_tag":[],"_links":{"self":[{"href":"https:\/\/www.sopha-sahara.com\/en\/wp-json\/wp\/v2\/product\/22888"}],"collection":[{"href":"https:\/\/www.sopha-sahara.com\/en\/wp-json\/wp\/v2\/product"}],"about":[{"href":"https:\/\/www.sopha-sahara.com\/en\/wp-json\/wp\/v2\/types\/product"}],"wp:featuredmedia":[{"embeddable":true,"href":"https:\/\/www.sopha-sahara.com\/en\/wp-json\/wp\/v2\/media\/22945"}],"wp:attachment":[{"href":"https:\/\/www.sopha-sahara.com\/en\/wp-json\/wp\/v2\/media?parent=22888"}],"wp:term":[{"taxonomy":"product_cat","embeddable":true,"href":"https:\/\/www.sopha-sahara.com\/en\/wp-json\/wp\/v2\/product_cat?post=22888"},{"taxonomy":"product_tag","embeddable":true,"href":"https:\/\/www.sopha-sahara.com\/en\/wp-json\/wp\/v2\/product_tag?post=22888"}],"curies":[{"name":"wp","href":"https:\/\/api.w.org\/{rel}","templated":true}]}}