{"id":22887,"date":"2020-12-14T15:40:48","date_gmt":"2020-12-14T14:40:48","guid":{"rendered":"https:\/\/www.interbusinesschamber.com\/produit\/bioderma-abcderm-h2o-solution-micellaire-500-ml\/"},"modified":"2020-12-29T14:38:48","modified_gmt":"2020-12-29T13:38:48","slug":"bioderma-abcderm-h2o-solution-micellaire-500-ml","status":"publish","type":"product","link":"https:\/\/www.sopha-sahara.com\/en\/product\/bioderma-abcderm-h2o-solution-micellaire-500-ml\/","title":{"rendered":"BIODERMA ABCDERM H2O SOLUTION MICELLAIRE 500 ML"},"content":{"rendered":"<p><strong>\u00a0CONSEILS\u00a0D'UTILISATION\u00a0:\u00a0<\/strong><\/p>\n<p>Pour le si\u00e8ge : apr\u00e8s chaque change, nettoyez d\u00e9licatement \u00e0 l'aide d'un coton imbib\u00e9 de ABCDerm H2O pour \u00e9liminer les salissures et les exc\u00e8s de cr\u00e8me de protection. Renouvelez l'application jusqu'\u00e0 ce que le coton soit propre.\u00a0<\/p>\n<p>Pour le visage, le cuir chevelu et les zones de plis : nettoyez d\u00e9licatement \u00e0 l'aide d'un coton imbib\u00e9 de ABCDerm. Renouvelez l'application jusqu'\u00e0 ce que le coton soit propre.\u00a0<br \/>S\u00e9chez par tamponnement d\u00e9licat.\u00a0<\/p>","protected":false},"excerpt":{"rendered":"<p>ABCDerm H2O est une solution micellaire qui nettoie en douceur la peau d\u00e9licate des nourrissons et des jeunes enfants.\u00a0<br \/>Son proc\u00e9d\u00e9 original de micro-\u00e9mulsion \u00e9limine les salissures en toute s\u00e9curit\u00e9.\u00a0<br \/>Tr\u00e8s agr\u00e9able d&rsquo;utilisation et d&rsquo;une tr\u00e8s haute tol\u00e9rance, ABCDerm H2O calme les irritations et les rougeurs et favorise la reconstitution du film hydrolipidique.\u00a0<\/p>","protected":false},"featured_media":22919,"template":"","meta":{"arc_restricted_post":false},"product_cat":[330,48],"product_tag":[],"_links":{"self":[{"href":"https:\/\/www.sopha-sahara.com\/en\/wp-json\/wp\/v2\/product\/22887"}],"collection":[{"href":"https:\/\/www.sopha-sahara.com\/en\/wp-json\/wp\/v2\/product"}],"about":[{"href":"https:\/\/www.sopha-sahara.com\/en\/wp-json\/wp\/v2\/types\/product"}],"wp:featuredmedia":[{"embeddable":true,"href":"https:\/\/www.sopha-sahara.com\/en\/wp-json\/wp\/v2\/media\/22919"}],"wp:attachment":[{"href":"https:\/\/www.sopha-sahara.com\/en\/wp-json\/wp\/v2\/media?parent=22887"}],"wp:term":[{"taxonomy":"product_cat","embeddable":true,"href":"https:\/\/www.sopha-sahara.com\/en\/wp-json\/wp\/v2\/product_cat?post=22887"},{"taxonomy":"product_tag","embeddable":true,"href":"https:\/\/www.sopha-sahara.com\/en\/wp-json\/wp\/v2\/product_tag?post=22887"}],"curies":[{"name":"wp","href":"https:\/\/api.w.org\/{rel}","templated":true}]}}