{"id":22886,"date":"2020-12-14T15:40:48","date_gmt":"2020-12-14T14:40:48","guid":{"rendered":"https:\/\/www.interbusinesschamber.com\/produit\/bioderma-abcderm-peri-oral-40-ml\/"},"modified":"2020-12-29T14:44:18","modified_gmt":"2020-12-29T13:44:18","slug":"bioderma-abcderm-peri-oral-40-ml","status":"publish","type":"product","link":"https:\/\/www.sopha-sahara.com\/en\/product\/bioderma-abcderm-peri-oral-40-ml\/","title":{"rendered":"BIODERMA ABCDERM PERI-ORAL 40 ML"},"content":{"rendered":"<div><strong>\u00a0<\/strong><strong>CONSEILS D'UTILISATION<\/strong>\u00a0:<\/div>\n<div>\u00a0<\/div>\n<div>Appliquez ABCDerm P\u00e9ri-oral 2 \u00e0 3 fois par jour sur la zone irrit\u00e9e du contour de la bouche.<\/div>","protected":false},"excerpt":{"rendered":"<p>Soin sp\u00e9cifique des irritations du contour de la bouche.\u00a0<br \/>Nourrisson de plus de 3 mois et enfant de moins de 5 ans. ABCDerm P\u00e9ri-oral est le seul soin sp\u00e9cifique des irritations cutan\u00e9es du contour de la bouche.\u00a0<br \/>Seul produit agissant directement sur la cause de l&rsquo;irritation, il lutte contre l&rsquo;amylase, enzyme pr\u00e9sente dans la salive et facteur aggravant des rougeurs.\u00a0<br \/>Son puissant actif apaisant agit rapidement sur le ph\u00e9nom\u00e8ne inflammatoire.\u00a0<br \/>Son association de cuivre et de zinc \u00e0 l&rsquo;activit\u00e9 anti-bact\u00e9rienne reconnue \u00e9vite la surinfection.\u00a0<br \/>Riche en actifs restructurants et hydratants, il r\u00e9pare l&rsquo;\u00e9piderme.\u00a0<br \/>Facile \u00e0 \u00e9taler et ne laisse pas de trace blanche sur la peau.<\/p>","protected":false},"featured_media":22924,"template":"","meta":{"arc_restricted_post":false},"product_cat":[330,48],"product_tag":[],"_links":{"self":[{"href":"https:\/\/www.sopha-sahara.com\/en\/wp-json\/wp\/v2\/product\/22886"}],"collection":[{"href":"https:\/\/www.sopha-sahara.com\/en\/wp-json\/wp\/v2\/product"}],"about":[{"href":"https:\/\/www.sopha-sahara.com\/en\/wp-json\/wp\/v2\/types\/product"}],"wp:featuredmedia":[{"embeddable":true,"href":"https:\/\/www.sopha-sahara.com\/en\/wp-json\/wp\/v2\/media\/22924"}],"wp:attachment":[{"href":"https:\/\/www.sopha-sahara.com\/en\/wp-json\/wp\/v2\/media?parent=22886"}],"wp:term":[{"taxonomy":"product_cat","embeddable":true,"href":"https:\/\/www.sopha-sahara.com\/en\/wp-json\/wp\/v2\/product_cat?post=22886"},{"taxonomy":"product_tag","embeddable":true,"href":"https:\/\/www.sopha-sahara.com\/en\/wp-json\/wp\/v2\/product_tag?post=22886"}],"curies":[{"name":"wp","href":"https:\/\/api.w.org\/{rel}","templated":true}]}}