{"id":22885,"date":"2020-12-14T15:40:48","date_gmt":"2020-12-14T14:40:48","guid":{"rendered":"https:\/\/www.interbusinesschamber.com\/produit\/bioderma-cicabio-creme-reparatrice-apaisante-40-ml\/"},"modified":"2020-12-29T15:29:45","modified_gmt":"2020-12-29T14:29:45","slug":"bioderma-cicabio-creme-reparatrice-apaisante-40-ml","status":"publish","type":"product","link":"https:\/\/www.sopha-sahara.com\/en\/product\/bioderma-cicabio-creme-reparatrice-apaisante-40-ml\/","title":{"rendered":"BIODERMA CICABIO CR\u00c8ME R\u00c9PARATRICE APAISANTE 40 ML"},"content":{"rendered":"<p><strong>Conseils d'utilisation:<\/strong><br \/>\u00a0<\/p>\n<p>Cicabio Cr\u00e8me favorise la r\u00e9paration cutan\u00e9e des peaux irrit\u00e9es en agissant sur chaque \u00e9tape du processus biologique de la reconstruction \u00e9pidermique.\u00a0<br \/>L'association synergique de R\u00e9sveratrol, de cuivre et Centella Asiatica favorise une restauration \u00e9pidermique de qualit\u00e9.\u00a0<br \/>Le zinc pr\u00e9vient la prolif\u00e9ration bact\u00e9rienne.\u00a0<br \/>L'actif Antalgicine\u00ae* soulage rapidement la sensation d\u2019inconfort et r\u00e9duit l\u2019incitation au grattage.\u00a0<br \/>Sa texture \"effet pansement\" associ\u00e9e \u00e0 de l'acide hyaluronique et des actifs hydratants forme un film respirant, pour un confort optimale de la peau.\u00a0<\/p>","protected":false},"excerpt":{"rendered":"<p>Agressions cutan\u00e9es mineures : peeling superficiel, laser non-abrasif (en suite d&rsquo;actes dermatologiques sur avis m\u00e9dical)\u00a0<br \/>Atteintes cutan\u00e9es s\u00e8ches: irritations, rougeurs, \u00e9chauffements, zones squameuses&#8230;\u00a0<br \/>VISAGE- CORPS &#8211; ADULTE &#8211; ADO &#8211; ENFANT &#8211; B\u00c9B\u00c9\u00a0<\/p>","protected":false},"featured_media":22943,"template":"","meta":{"arc_restricted_post":false},"product_cat":[330,48],"product_tag":[],"_links":{"self":[{"href":"https:\/\/www.sopha-sahara.com\/en\/wp-json\/wp\/v2\/product\/22885"}],"collection":[{"href":"https:\/\/www.sopha-sahara.com\/en\/wp-json\/wp\/v2\/product"}],"about":[{"href":"https:\/\/www.sopha-sahara.com\/en\/wp-json\/wp\/v2\/types\/product"}],"wp:featuredmedia":[{"embeddable":true,"href":"https:\/\/www.sopha-sahara.com\/en\/wp-json\/wp\/v2\/media\/22943"}],"wp:attachment":[{"href":"https:\/\/www.sopha-sahara.com\/en\/wp-json\/wp\/v2\/media?parent=22885"}],"wp:term":[{"taxonomy":"product_cat","embeddable":true,"href":"https:\/\/www.sopha-sahara.com\/en\/wp-json\/wp\/v2\/product_cat?post=22885"},{"taxonomy":"product_tag","embeddable":true,"href":"https:\/\/www.sopha-sahara.com\/en\/wp-json\/wp\/v2\/product_tag?post=22885"}],"curies":[{"name":"wp","href":"https:\/\/api.w.org\/{rel}","templated":true}]}}