{"id":22884,"date":"2020-12-14T15:40:47","date_gmt":"2020-12-14T14:40:47","guid":{"rendered":"https:\/\/www.interbusinesschamber.com\/produit\/bioderma-atoderm-pp-gel-moussant-500ml-nettoyant-surgras\/"},"modified":"2020-12-29T15:21:18","modified_gmt":"2020-12-29T14:21:18","slug":"bioderma-atoderm-pp-gel-moussant-500ml-nettoyant-surgras","status":"publish","type":"product","link":"https:\/\/www.sopha-sahara.com\/en\/product\/bioderma-atoderm-pp-gel-moussant-500ml-nettoyant-surgras\/","title":{"rendered":"BIODERMA ATODERM PP GEL MOUSSANT 500ML NETTOYANT SURGRAS"},"content":{"rendered":"<p><strong>Conseils d'utilisation<\/strong><\/p>\n<p>\u2022\u00a0Appliquez\u00a0Atoderm PP\u00a0Gel moussant\u00a0sur la peau pr\u00e9alablement mouill\u00e9e. Faites mousser, puis rincez abondamment. S\u00e9chez d\u00e9licatement.<\/p>\n<p>\u2022\u00a0Atoderm PP\u00a0Gel moussant\u00a0s\u2019utilise 1 \u00e0 2 fois par jour.<\/p>\n<p>\u2022 Appliquez ensuite ATODERN PP BAUME\u00a0en cas de crise.<\/p>\n<p><strong>Caract\u00e9ristiques<\/strong><\/p>\n<p>Formule sans parfum<\/p>\n<p>Visage et corps.<\/p>\n<p>Adultes, enfants, nourrissants.<\/p>\n<p>Sans paraben. Sans parfum. Sans savon. Hypoallerg\u00e9nique.<\/p>\n<p><strong>Ingr\u00e9dients<\/strong><\/p>\n<p>AQUA\/WATER\/EAU, SODIUM LAURETH SULFATE, LAURYL GLUCOSIDE, PEG-200 HYDROGENATED GLYCERYL PALMATE, DISODIUM EDTA, PEG-7 GLYCERYL COCOATE, MANNITOL, XYLITOL, RHAMNOSE, FRUCTOOLIGOSACCHARIDES, SODIUM CHLORIDE, ZINC SULFATE, COPPER SULFATE, NIACINAMIDE, CITRIC ACID, SODIUM HYDROXIDE. [BI 655V1]<\/p>\n","protected":false},"excerpt":{"rendered":"<p>Le gel nettoyant\u00a0quotidien apaisant, purifiant et relipidant destin\u00e9 aux peaux sensibles tr\u00e8s s\u00e8ches \u00e0 atopiques.<\/p>\n<p>\u2022\u00a0Formul\u00e9 \u00e0 partir d&rsquo;actifs purifiants et de Vitamine PP,\u00a0Atoderm PP\u00a0Gel moussant\u00a0lutte contre la prolif\u00e9ration de micro-organismes, agents irritants responsables de l\u2019aggravation de la s\u00e9cheresse cutan\u00e9e.<\/p>\n<p>\u2022\u00a0Atoderm PP\u00a0Gel moussant\u00a0apaise les sensations d\u2019inconfort et les irritations et contribue \u00e0 renforcer biologiquement la barri\u00e8re cutan\u00e9e.<\/p>\n<p>\u2022\u00a0Le complexe naturel brevet\u00e9\u00a0D.A.F.* augmente le seuil de tol\u00e9rance de la peau.<\/p>\n<p>\u2022\u00a0La base lavante surgraissante sans savon, le pH physiologique, l\u2019absence de conservateur et de parfum respectent l\u2019\u00e9quilibre cutan\u00e9 et garantissent une excellente tol\u00e9rance.<br \/>tidien apaisant, purifiant et relipidant destin\u00e9 aux peaux sensibles tr\u00e8s s\u00e8ches \u00e0 atopiques.<\/p>\n<p>(*)\u00a0D.A.F. : Dermatological Advanced Formulation.<\/p>","protected":false},"featured_media":22939,"template":"","meta":{"arc_restricted_post":false},"product_cat":[330,48],"product_tag":[],"_links":{"self":[{"href":"https:\/\/www.sopha-sahara.com\/en\/wp-json\/wp\/v2\/product\/22884"}],"collection":[{"href":"https:\/\/www.sopha-sahara.com\/en\/wp-json\/wp\/v2\/product"}],"about":[{"href":"https:\/\/www.sopha-sahara.com\/en\/wp-json\/wp\/v2\/types\/product"}],"wp:featuredmedia":[{"embeddable":true,"href":"https:\/\/www.sopha-sahara.com\/en\/wp-json\/wp\/v2\/media\/22939"}],"wp:attachment":[{"href":"https:\/\/www.sopha-sahara.com\/en\/wp-json\/wp\/v2\/media?parent=22884"}],"wp:term":[{"taxonomy":"product_cat","embeddable":true,"href":"https:\/\/www.sopha-sahara.com\/en\/wp-json\/wp\/v2\/product_cat?post=22884"},{"taxonomy":"product_tag","embeddable":true,"href":"https:\/\/www.sopha-sahara.com\/en\/wp-json\/wp\/v2\/product_tag?post=22884"}],"curies":[{"name":"wp","href":"https:\/\/api.w.org\/{rel}","templated":true}]}}