{"id":22883,"date":"2020-12-14T15:40:47","date_gmt":"2020-12-14T14:40:47","guid":{"rendered":"https:\/\/www.interbusinesschamber.com\/produit\/bioderma-atoderm-gel-douche-200ml-nettoie-et-adoucit\/"},"modified":"2020-12-31T10:35:42","modified_gmt":"2020-12-31T09:35:42","slug":"bioderma-atoderm-gel-douche-200ml-nettoie-et-adoucit","status":"publish","type":"product","link":"https:\/\/www.sopha-sahara.com\/en\/product\/bioderma-atoderm-gel-douche-200ml-nettoie-et-adoucit\/","title":{"rendered":"BIODERMA ATODERM GEL DOUCHE 200ML NETTOIE ET ADOUCIT"},"content":{"rendered":"<p class=\"bodytext\"><strong>Conseils d'utilisation<\/strong><\/p>\n<p class=\"bodytext\">\u2022\u00a0Appliquez\u00a0Atoderm\u00a0Gel\u00a0douche\u00a0sur une peau pr\u00e9alablement mouill\u00e9e. Faites mousser, puis rincez abondamment. S\u00e9chez d\u00e9licatement pour ne pas alt\u00e9rer l\u2019\u00e9piderme.<\/p>\n<p class=\"bodytext\">\u2022\u00a0Utilisez ensuite un soin hydratant de la gamme\u00a0Atoderm\u00a0:\u00a0Atoderm\u00a0Cr\u00e8me\u00a0nourrissante ou\u00a0Atoderm\u00a0Lait.<\/p>","protected":false},"excerpt":{"rendered":"<p>Le gel nettoyant moussant quotien ultra-doux sans savon destin\u00e9 aux peaux sensibles s\u00e8ches.<\/p>\n<p>\u2022\u00a0Gr\u00e2ce \u00e0 ses actifs hydratants,\u00a0Atoderm\u00a0Gel douche\u00a0adoucit et prot\u00e8ge l\u2019\u00e9piderme.<\/p>\n<div class=\"product-page-content\">\n<p class=\"bodytext\">\u2022\u00a0Les propri\u00e9t\u00e9s apaisantes d\u2019Atoderm\u00a0Gel douche\u00a0diminuent les sensations de tiraillements.<\/p>\n<p class=\"bodytext\">\u2022\u00a0Sa formule ultra-douce respecte l\u2019\u00e9quilibre cutan\u00e9.<\/p>\n<p class=\"bodytext\">\u2022\u00a0Sa mousse onctueuse d\u00e9licatement parfum\u00e9e et sa couleur naturellement bleut\u00e9e (sans colorant) procure un moment de bien-\u00eatre.<\/p>\n<p class=\"bodytext\">\u2022\u00a0Atoderm\u00a0Gel douche\u00a0se rince parfaitement. Il convient aux enfants et aux adultes.<\/p>\n<p class=\"bodytext\">\u2022\u00a0Atoderm\u00a0Gel douche\u00a0garantit une excellente tol\u00e9rance.<\/p>\n<\/div>","protected":false},"featured_media":22932,"template":"","meta":{"arc_restricted_post":false},"product_cat":[330,48],"product_tag":[],"_links":{"self":[{"href":"https:\/\/www.sopha-sahara.com\/en\/wp-json\/wp\/v2\/product\/22883"}],"collection":[{"href":"https:\/\/www.sopha-sahara.com\/en\/wp-json\/wp\/v2\/product"}],"about":[{"href":"https:\/\/www.sopha-sahara.com\/en\/wp-json\/wp\/v2\/types\/product"}],"wp:featuredmedia":[{"embeddable":true,"href":"https:\/\/www.sopha-sahara.com\/en\/wp-json\/wp\/v2\/media\/22932"}],"wp:attachment":[{"href":"https:\/\/www.sopha-sahara.com\/en\/wp-json\/wp\/v2\/media?parent=22883"}],"wp:term":[{"taxonomy":"product_cat","embeddable":true,"href":"https:\/\/www.sopha-sahara.com\/en\/wp-json\/wp\/v2\/product_cat?post=22883"},{"taxonomy":"product_tag","embeddable":true,"href":"https:\/\/www.sopha-sahara.com\/en\/wp-json\/wp\/v2\/product_tag?post=22883"}],"curies":[{"name":"wp","href":"https:\/\/api.w.org\/{rel}","templated":true}]}}