{"id":22882,"date":"2020-12-14T15:40:47","date_gmt":"2020-12-14T14:40:47","guid":{"rendered":"https:\/\/www.interbusinesschamber.com\/produit\/bioderma-photoderm-max-ultra-fluide-spf-50-40ml-teinte-dore\/"},"modified":"2020-12-29T16:20:44","modified_gmt":"2020-12-29T15:20:44","slug":"bioderma-photoderm-max-ultra-fluide-spf-50-40ml-teinte-dore","status":"publish","type":"product","link":"https:\/\/www.sopha-sahara.com\/en\/product\/bioderma-photoderm-max-ultra-fluide-spf-50-40ml-teinte-dore\/","title":{"rendered":"BIODERMA PHOTODERM MAX ULTRA FLUIDE SPF 50+ 40ML TEINTE DORE"},"content":{"rendered":"<p><strong>Conseils d'utilisation<\/strong><\/p>\n<p>\u2022\u00a0Appliquez\u00a0Photoderm\u00a0MAX Ultra-fluide\u00a0avant l\u2019exposition uniform\u00e9ment et g\u00e9n\u00e9reusement (une quantit\u00e9 r\u00e9duite de produit diminue le niveau de protection solaire).<\/p>\n<p>\u2022\u00a0Renouvelez fr\u00e9quemment l\u2019application de\u00a0Photoderm\u00a0MAX Ultra-fluide\u00a0et apr\u00e8s chaque bain, frottement ou activit\u00e9 sportive.<\/p>\n<p>\u2022\u00a0Photoderm\u00a0MAX Ultra-fluide\u00a0existe \u00e9galement en teintes claire ou dor\u00e9e.<\/p>\n<p>Caract\u00e9ristiques<\/p>\n<p>Formule sans parfum.<\/p>\n<p>R\u00e9sistant \u00e0 l\u2019eau. Photostable.<\/p>\n<p>Non com\u00e9dog\u00e8ne.<\/p>\n<p>Hypoallerg\u00e9nique.<\/p>\n<p>Existe \u00e9galement en versions teintes claire ou dor\u00e9e.<\/p>\n<p>Ingredients<\/p>\n<p>WATER (AQUA), DICAPRYLYL CARBONATE, CYCLOPENTASILOXANE, OCTOCRYLENE, METHYLENE BIS-BENZOTRIAZOLYL TETRAMETHYLBUTYLPHENOL, BUTYL METHOXYDIBENZOYLMETHANE, GLYCERIN, ISONONYL ISONONANOATE, PROPYLENE GLYCOL, PEG-30 DIPOLYHYDROXYSTEARATE, BISETHYLHEXYLOXYPHENOL METHOXYPHENYL TRIAZINE, LAURYL PEG\/PPG-18\/18 METHICONE, METHYL METHACRYLATE CROSSPOLYMER, ECTOIN, MANNITOL, XYLITOL, RHAMNOSE, FRUCTOOLIGOSACCHARIDES, LAMINARIA OCHROLEUCA EXTRACT, DECYL GLUCOSIDE, SODIUM CITRATE, STEARALKONIUM HECTORITE, XANTHAN GUM, LACTIC ACID, PROPYLENE CARBONATE, CAPRYLIC\/CAPRIC TRIGLYCERIDE, DISODIUM EDTA, PHENOXYETHANOL, CHLORPHENESIN. [BI 642V1].<\/p>\n","protected":false},"excerpt":{"rendered":"<p>La protection solaire MAXimale destin\u00e9e aux peaux intol\u00e9rantes \u00e0 tous les types d\u2019ensoleillement, aux peaux tr\u00e8s claires ponctu\u00e9es de taches de rousseurs, aux peaux soumises \u00e0 un ensoleillement maximum (tropiques, haute montagne, \u2026).<\/p>\n<p>\u2022\u00a0L\u2019efficacit\u00e9 anti-UVB maximale et la performance in\u00e9gal\u00e9e \u00ab anti-UVA extr\u00eame \u00bb de\u00a0Photoderm\u00a0MAX Ultra-fluide\u00a0prot\u00e8gent en toute s\u00e9curit\u00e9 des coups de soleil, pr\u00e9viennent les intol\u00e9rances solaires et luttent contre le vieillissement cutan\u00e9 pr\u00e9matur\u00e9.<\/p>\n<p>\u2022\u00a0Avanc\u00e9e majeure contre les risques de dommages cellulaires, son brevet exclusif\u00a0Bioprotection\u00aeCellulaire* permet une protection optimale des cellules de la peau.<\/p>\n<p>\u2022\u00a0La texture ultra-l\u00e9g\u00e8re de\u00a0Photoderm\u00a0MAX Ultra-fluide\u00a0procure \u00e0 la peau une sensation de douceur extr\u00eame.<br \/>Parfaitement incolore \u00e0 l\u2019application, sans traces blanches,\u00a0Photoderm\u00a0MAX Ultra-fluide\u00a0s\u2019\u00e9tale tr\u00e8s facilement, sans effet gras, et laisse un fini mat.<\/p>\n<p>\u2022\u00a0Son tube canule facilite l\u2019application.<\/p>\n<p>\u2022\u00a0Non com\u00e9dog\u00e8ne,\u00a0Photoderm\u00a0MAX Ultra-fluide\u00a0est water resistant et photostable.<\/p>\n<p>\u2022\u00a0Sans parfum,\u00a0Photoderm\u00a0MAX Ultra-fluide\u00a0offre une excellente tol\u00e9rance.<\/p>","protected":false},"featured_media":22972,"template":"","meta":{"arc_restricted_post":false},"product_cat":[330,48],"product_tag":[],"_links":{"self":[{"href":"https:\/\/www.sopha-sahara.com\/en\/wp-json\/wp\/v2\/product\/22882"}],"collection":[{"href":"https:\/\/www.sopha-sahara.com\/en\/wp-json\/wp\/v2\/product"}],"about":[{"href":"https:\/\/www.sopha-sahara.com\/en\/wp-json\/wp\/v2\/types\/product"}],"wp:featuredmedia":[{"embeddable":true,"href":"https:\/\/www.sopha-sahara.com\/en\/wp-json\/wp\/v2\/media\/22972"}],"wp:attachment":[{"href":"https:\/\/www.sopha-sahara.com\/en\/wp-json\/wp\/v2\/media?parent=22882"}],"wp:term":[{"taxonomy":"product_cat","embeddable":true,"href":"https:\/\/www.sopha-sahara.com\/en\/wp-json\/wp\/v2\/product_cat?post=22882"},{"taxonomy":"product_tag","embeddable":true,"href":"https:\/\/www.sopha-sahara.com\/en\/wp-json\/wp\/v2\/product_tag?post=22882"}],"curies":[{"name":"wp","href":"https:\/\/api.w.org\/{rel}","templated":true}]}}