{"id":22881,"date":"2020-12-14T15:40:47","date_gmt":"2020-12-14T14:40:47","guid":{"rendered":"https:\/\/www.interbusinesschamber.com\/produit\/bioderma-photoderm-max-spf-100-40ml-fluide-solaire-invisible\/"},"modified":"2020-12-31T10:45:19","modified_gmt":"2020-12-31T09:45:19","slug":"bioderma-photoderm-max-spf-100-40ml-fluide-solaire-invisible","status":"publish","type":"product","link":"https:\/\/www.sopha-sahara.com\/en\/product\/bioderma-photoderm-max-spf-100-40ml-fluide-solaire-invisible\/","title":{"rendered":"BIODERMA PHOTODERM MAX SPF 100+ 40ML FLUIDE SOLAIRE INVISIBLE"},"content":{"rendered":"","protected":false},"excerpt":{"rendered":"<p>La photoprotection maximale destin\u00e9e aux peaux intol\u00e9rantes \u00e0 tous les types d\u2019ensoleillement, aux peaux tr\u00e8s claires ponctu\u00e9es de taches de rousseurs, aux peaux soumises \u00e0 un ensoleillement maximum.<\/p>\n<p>Le syst\u00e8me filtrant de\u00a0<strong>PHOTODERM MAX SPF100 Fluide solaire<\/strong>\u00a0garantit une protection Homog\u00e8ne et constante contre les\u00a0<strong>UVA\u00a0<\/strong>et les\u00a0<strong>UVB<\/strong>. Sa performance in\u00e9gal\u00e9e\u00a0<strong>\u00ab anti-UVA Extr\u00eame \u00bb<\/strong>\u00a0lutte contre le vieillissement cutan\u00e9 pr\u00e9matur\u00e9 et pr\u00e9vient les intol\u00e9rances solaires.<\/p>\n<p>Son efficacit\u00e9\u00a0<strong>anti-UVB\u00a0<\/strong>maximale prot\u00e8ge en toute s\u00e9curit\u00e9 des coups de soleil et donc des dangers potentiels que leur r\u00e9p\u00e9tition engendre \u00e0 long terme.<\/p>\n<p>Non com\u00e9dog\u00e8ne, Sans parfum, il offre une excellente tol\u00e9rance.<\/p>","protected":false},"featured_media":22970,"template":"","meta":{"arc_restricted_post":false},"product_cat":[330,48],"product_tag":[],"_links":{"self":[{"href":"https:\/\/www.sopha-sahara.com\/en\/wp-json\/wp\/v2\/product\/22881"}],"collection":[{"href":"https:\/\/www.sopha-sahara.com\/en\/wp-json\/wp\/v2\/product"}],"about":[{"href":"https:\/\/www.sopha-sahara.com\/en\/wp-json\/wp\/v2\/types\/product"}],"wp:featuredmedia":[{"embeddable":true,"href":"https:\/\/www.sopha-sahara.com\/en\/wp-json\/wp\/v2\/media\/22970"}],"wp:attachment":[{"href":"https:\/\/www.sopha-sahara.com\/en\/wp-json\/wp\/v2\/media?parent=22881"}],"wp:term":[{"taxonomy":"product_cat","embeddable":true,"href":"https:\/\/www.sopha-sahara.com\/en\/wp-json\/wp\/v2\/product_cat?post=22881"},{"taxonomy":"product_tag","embeddable":true,"href":"https:\/\/www.sopha-sahara.com\/en\/wp-json\/wp\/v2\/product_tag?post=22881"}],"curies":[{"name":"wp","href":"https:\/\/api.w.org\/{rel}","templated":true}]}}