{"id":22880,"date":"2020-12-14T15:40:47","date_gmt":"2020-12-14T14:40:47","guid":{"rendered":"https:\/\/www.interbusinesschamber.com\/produit\/bioderma-photoderm-spot-spf-50-30ml-creme-solaire\/"},"modified":"2020-12-29T16:23:23","modified_gmt":"2020-12-29T15:23:23","slug":"bioderma-photoderm-spot-spf-50-30ml-creme-solaire","status":"publish","type":"product","link":"https:\/\/www.sopha-sahara.com\/en\/product\/bioderma-photoderm-spot-spf-50-30ml-creme-solaire\/","title":{"rendered":"BIODERMA PHOTODERM SPOT SPF 50+ 30ML CR\u00c8ME SOLAIRE"},"content":{"rendered":"<p><strong>Propri\u00e9t\u00e9s<\/strong><\/p>\n<p>- L\u2019efficacit\u00e9 anti-UVB maximale et la performance in\u00e9gal\u00e9e \u00ab anti-UVA extr\u00eame \u00bb de Photoderm SPOT prot\u00e8gent des coups de soleil, pr\u00e9viennent les intol\u00e9rances solaires et luttent contre le vieillissement cutan\u00e9 pr\u00e9matur\u00e9.<\/p>\n<p>- Avanc\u00e9e majeure contre les risques de dommages cellulaires, son brevet exclusif Bioprotection\u00ae Cellulaire permet une protection optimale des cellules de la peau. Ses actifs sp\u00e9cifiques minimisent les risques de pigmentation et apaisent les peaux fragilis\u00e9es.<\/p>\n<p>- Texture fondante, incolore \u00e0 l\u2019application, sans effet gras, sans traces blanches.<\/p>\n<p>- Non com\u00e9dog\u00e8ne.<\/p>\n<p>- Excellente tol\u00e9rance.<\/p>\n<p>- Photostable.<\/p>\n<p>- Texture invisible.<\/p>\n<p>- Effet pr\u00e9ventif anti-tache.<\/p>\n<p>- Sans parfum.<\/p>\n<p>- Water resistant.<\/p>\n<p>- SPF 50+ (m\u00e9thode COLIPA in vivo).<\/p>\n<p>- UVA 38 (m\u00e9thode PPD in vivo).<\/p>\n<p>&nbsp;<\/p>\n<p><strong>Conseils d'utilisation<\/strong><\/p>\n<p>- Appliquer avant l\u2019exposition uniform\u00e9ment et g\u00e9n\u00e9reusement (une quantit\u00e9 r\u00e9duite de produit diminue le niveau de protection solaire).<\/p>\n<p>- Renouveler fr\u00e9quemment l\u2019application et apr\u00e8s chaque bain, frottement ou activit\u00e9 sportive.<\/p>\n<p>- Ne pas exposer les b\u00e9b\u00e9s et les jeunes enfants au soleil. L\u2019abus de soleil est nuisible \u00e0 la sant\u00e9.<\/p>","protected":false},"excerpt":{"rendered":"<p>La photoprotection maximale sp\u00e9cifique des hyperpigmentations localis\u00e9es (taches brunes), des peaux trait\u00e9es par laser, des peaux venant de subir une intervention dermatologique (cicatrices).<\/p>\n<p>&nbsp;<\/p>","protected":false},"featured_media":22978,"template":"","meta":{"arc_restricted_post":false},"product_cat":[330,48],"product_tag":[],"_links":{"self":[{"href":"https:\/\/www.sopha-sahara.com\/en\/wp-json\/wp\/v2\/product\/22880"}],"collection":[{"href":"https:\/\/www.sopha-sahara.com\/en\/wp-json\/wp\/v2\/product"}],"about":[{"href":"https:\/\/www.sopha-sahara.com\/en\/wp-json\/wp\/v2\/types\/product"}],"wp:featuredmedia":[{"embeddable":true,"href":"https:\/\/www.sopha-sahara.com\/en\/wp-json\/wp\/v2\/media\/22978"}],"wp:attachment":[{"href":"https:\/\/www.sopha-sahara.com\/en\/wp-json\/wp\/v2\/media?parent=22880"}],"wp:term":[{"taxonomy":"product_cat","embeddable":true,"href":"https:\/\/www.sopha-sahara.com\/en\/wp-json\/wp\/v2\/product_cat?post=22880"},{"taxonomy":"product_tag","embeddable":true,"href":"https:\/\/www.sopha-sahara.com\/en\/wp-json\/wp\/v2\/product_tag?post=22880"}],"curies":[{"name":"wp","href":"https:\/\/api.w.org\/{rel}","templated":true}]}}