{"id":22879,"date":"2020-12-14T15:40:47","date_gmt":"2020-12-14T14:40:47","guid":{"rendered":"https:\/\/www.interbusinesschamber.com\/produit\/bioderma-node-g-shampooing-400ml-purifiant\/"},"modified":"2020-12-31T10:40:21","modified_gmt":"2020-12-31T09:40:21","slug":"bioderma-node-g-shampooing-400ml-purifiant","status":"publish","type":"product","link":"https:\/\/www.sopha-sahara.com\/en\/product\/bioderma-node-g-shampooing-400ml-purifiant\/","title":{"rendered":"BIODERMA NODE G SHAMPOOING 400ML PURIFIANT"},"content":{"rendered":"<p><strong>Conseils d'utilisation<\/strong><\/p>\n<p>\u2022Apr\u00e8s avoir mouill\u00e9 vos cheveux, appliquez\u00a0Nod\u00e9\u00a0G\u00a0et faites mousser en massant le cuir chevelu sans l\u2019agresser. Rincez abondamment \u00e0 l\u2019eau ti\u00e8de. Renouvelez l\u2019op\u00e9ration.<\/p>\n<p>\u2022Laissez s\u00e9cher vos cheveux \u00e0 l\u2019air libre ou, si vous utilisez un s\u00e9choir, veillez \u00e0 ce que l\u2019air ne soit pas trop chaud (l\u2019exc\u00e8s de chaleur stimule les s\u00e9cr\u00e9tions de sueur et de s\u00e9bum).<\/p>\n<p>\u2022Nod\u00e9\u00a0G\u00a0peut s\u2019utiliser aussi souvent que n\u00e9cessaire ; au d\u00e9but, tous les jours, puis de fa\u00e7on plus espac\u00e9e, au fur et \u00e0 mesure des r\u00e9sultats obtenus.<\/p>","protected":false},"excerpt":{"rendered":"<p>Le shampooing doux s\u00e9bor\u00e9gulateur, non d\u00e9tergent adapt\u00e9 aux besoins des cheveux gras et tr\u00e8s gras.<\/p>\n<p>\u2022 La base lavante non d\u00e9tergente de Nod\u00e9 G contr\u00f4le le flux de s\u00e9bum.<\/p>\n<p>\u2022Les capteurs de calcium \u00e9vitent la formation de sels calciques d\u2019acides gras qui alourdissent les cheveux et leur donnent un aspect luisant.<\/p>\n<p>\u2022Actif s\u00e9bor\u00e9gulateur, l\u2019huile essentielle de Sauge assainit le cuir chevelu et maintient l\u2019\u00e9quilibre de la flore limitant ainsi les risques d\u2019irritation.<\/p>\n<p>\u2022La formule de\u00a0Nod\u00e9\u00a0G\u00a0lui conf\u00e8re des propri\u00e9t\u00e9s volumatrices, d\u00e9m\u00ealantes et antistatiques.<\/p>","protected":false},"featured_media":22959,"template":"","meta":{"arc_restricted_post":false},"product_cat":[330,48],"product_tag":[],"_links":{"self":[{"href":"https:\/\/www.sopha-sahara.com\/en\/wp-json\/wp\/v2\/product\/22879"}],"collection":[{"href":"https:\/\/www.sopha-sahara.com\/en\/wp-json\/wp\/v2\/product"}],"about":[{"href":"https:\/\/www.sopha-sahara.com\/en\/wp-json\/wp\/v2\/types\/product"}],"wp:featuredmedia":[{"embeddable":true,"href":"https:\/\/www.sopha-sahara.com\/en\/wp-json\/wp\/v2\/media\/22959"}],"wp:attachment":[{"href":"https:\/\/www.sopha-sahara.com\/en\/wp-json\/wp\/v2\/media?parent=22879"}],"wp:term":[{"taxonomy":"product_cat","embeddable":true,"href":"https:\/\/www.sopha-sahara.com\/en\/wp-json\/wp\/v2\/product_cat?post=22879"},{"taxonomy":"product_tag","embeddable":true,"href":"https:\/\/www.sopha-sahara.com\/en\/wp-json\/wp\/v2\/product_tag?post=22879"}],"curies":[{"name":"wp","href":"https:\/\/api.w.org\/{rel}","templated":true}]}}